{"id":11335,"date":"2021-12-28T10:36:57","date_gmt":"2021-12-28T10:36:57","guid":{"rendered":"https:\/\/antika-lipovec.si\/trgovina\/unkategorisiert\/ludvig-schara-alt-ljubljana-aquarell\/"},"modified":"2021-12-28T10:36:57","modified_gmt":"2021-12-28T10:36:57","slug":"ludvig-schara-alt-ljubljana-aquarell","status":"publish","type":"product","link":"https:\/\/antika-lipovec.si\/de\/trgovina\/kunstwerke\/kunstwerke-slowenische-kuenstler\/ludvig-schara-alt-ljubljana-aquarell\/","title":{"rendered":"Ludvig Schara: Alt-Ljubljana, Aquarell"},"content":{"rendered":"<p>Ludvig Schara: Alt-Ljubljana, Aquarell, signiert, zugeschrieben: Original. Aquarell, altes Ljubljana. Sch\u00f6n gerahmt. Ma\u00dfe mit Rahmen: 35,5 x 45 cm.<\/p>\n<p>L. Schara wurde am 16. Juli 1907 in Maribor geboren. Er absolvierte die Hochschule f\u00fcr Bildende K\u00fcnste in M\u00fcnchen. Nach dem Zweiten Weltkrieg er\u00f6ffnete er in Ljubljana neben dem Fluss Ljubljanica ein Grafikdesignstudio \u201eSlikarstvo \u0160ara\u201c. Sein Favorit waren die in Aquarelltechnik hergestellten Motive des alten Ljubljana, die die H\u00e4user von Liebhabern der Malerei auf der ganzen Welt schm\u00fccken. Er starb 1993 in Ljubljana.<\/p>\n","protected":false},"excerpt":{"rendered":"<p>Ludvig Schara: Alt-Ljubljana, Aquarell, signiert, zugeschrieben: Original. Aquarell, altes Ljubljana. Sch\u00f6n gerahmt. Ma\u00dfe mit Rahmen: 35,5 x 45 cm. L. Schara wurde am 16. Juli 1907 in Maribor geboren. Er absolvierte die Hochschule f\u00fcr Bildende K\u00fcnste in M\u00fcnchen. Nach dem Zweiten Weltkrieg er\u00f6ffnete er in Ljubljana neben dem Fluss Ljubljanica ein Grafikdesignstudio \u201eSlikarstvo \u0160ara\u201c. Sein [&hellip;]<\/p>\n","protected":false},"featured_media":9505,"template":"","meta":{"_et_pb_use_builder":"","_et_pb_old_content":"","_et_gb_content_width":""},"product_brand":[],"product_cat":[90],"product_tag":[],"class_list":{"0":"post-11335","1":"product","2":"type-product","3":"status-publish","4":"has-post-thumbnail","6":"product_cat-kunstwerke-slowenische-kuenstler","8":"first","9":"instock","10":"shipping-taxable","11":"purchasable","12":"product-type-simple"},"_links":{"self":[{"href":"https:\/\/antika-lipovec.si\/de\/wp-json\/wp\/v2\/product\/11335","targetHints":{"allow":["GET"]}}],"collection":[{"href":"https:\/\/antika-lipovec.si\/de\/wp-json\/wp\/v2\/product"}],"about":[{"href":"https:\/\/antika-lipovec.si\/de\/wp-json\/wp\/v2\/types\/product"}],"wp:featuredmedia":[{"embeddable":true,"href":"https:\/\/antika-lipovec.si\/de\/wp-json\/wp\/v2\/media\/9505"}],"wp:attachment":[{"href":"https:\/\/antika-lipovec.si\/de\/wp-json\/wp\/v2\/media?parent=11335"}],"wp:term":[{"taxonomy":"product_brand","embeddable":true,"href":"https:\/\/antika-lipovec.si\/de\/wp-json\/wp\/v2\/product_brand?post=11335"},{"taxonomy":"product_cat","embeddable":true,"href":"https:\/\/antika-lipovec.si\/de\/wp-json\/wp\/v2\/product_cat?post=11335"},{"taxonomy":"product_tag","embeddable":true,"href":"https:\/\/antika-lipovec.si\/de\/wp-json\/wp\/v2\/product_tag?post=11335"}],"curies":[{"name":"wp","href":"https:\/\/api.w.org\/{rel}","templated":true}]}}