{"id":11315,"date":"2022-01-04T09:30:20","date_gmt":"2022-01-04T09:30:20","guid":{"rendered":"https:\/\/antika-lipovec.si\/trgovina\/unkategorisiert\/anton-repnik-hochzeit-oel-auf-jute\/"},"modified":"2022-01-04T09:30:20","modified_gmt":"2022-01-04T09:30:20","slug":"anton-repnik-hochzeit-oel-auf-jute","status":"publish","type":"product","link":"https:\/\/antika-lipovec.si\/de\/trgovina\/kunstwerke\/kunstwerke-slowenische-kuenstler\/anton-repnik-hochzeit-oel-auf-jute\/","title":{"rendered":"Anton Repnik: Hochzeit, \u00d6l auf Jute"},"content":{"rendered":"<p>Anton Repnik: Hochzeit, \u00d6l auf Jute, signiert, l. 1976, sch\u00f6n gerahmt. Ma\u00dfe mit Rahmen: 63 x 76 cm.<\/p>\n<p>A. Repnik (1935 &#8211; 2020) aus Mute, ist einer der bekanntesten slowenischen K\u00fcnstler und ein typischer Vertreter der slowenischen naiven Malerei, bekannt f\u00fcr Motive aus dem allt\u00e4glichen Leben einfacher Menschen.<\/p>\n","protected":false},"excerpt":{"rendered":"<p>Anton Repnik: Hochzeit, \u00d6l auf Jute, signiert, l. 1976, sch\u00f6n gerahmt. Ma\u00dfe mit Rahmen: 63 x 76 cm. A. Repnik (1935 &#8211; 2020) aus Mute, ist einer der bekanntesten slowenischen K\u00fcnstler und ein typischer Vertreter der slowenischen naiven Malerei, bekannt f\u00fcr Motive aus dem allt\u00e4glichen Leben einfacher Menschen.<\/p>\n","protected":false},"featured_media":7994,"template":"","meta":{"_et_pb_use_builder":"","_et_pb_old_content":"","_et_gb_content_width":""},"product_brand":[],"product_cat":[90,217,219],"product_tag":[285],"class_list":{"0":"post-11315","1":"product","2":"type-product","3":"status-publish","4":"has-post-thumbnail","6":"product_cat-kunstwerke-slowenische-kuenstler","7":"product_cat-naive-kunst-ex-yu","8":"product_cat-schnaeppchenkauf","9":"product_tag-naivna-umetnost","11":"first","12":"instock","13":"sale","14":"shipping-taxable","15":"purchasable","16":"product-type-simple"},"_links":{"self":[{"href":"https:\/\/antika-lipovec.si\/de\/wp-json\/wp\/v2\/product\/11315","targetHints":{"allow":["GET"]}}],"collection":[{"href":"https:\/\/antika-lipovec.si\/de\/wp-json\/wp\/v2\/product"}],"about":[{"href":"https:\/\/antika-lipovec.si\/de\/wp-json\/wp\/v2\/types\/product"}],"wp:featuredmedia":[{"embeddable":true,"href":"https:\/\/antika-lipovec.si\/de\/wp-json\/wp\/v2\/media\/7994"}],"wp:attachment":[{"href":"https:\/\/antika-lipovec.si\/de\/wp-json\/wp\/v2\/media?parent=11315"}],"wp:term":[{"taxonomy":"product_brand","embeddable":true,"href":"https:\/\/antika-lipovec.si\/de\/wp-json\/wp\/v2\/product_brand?post=11315"},{"taxonomy":"product_cat","embeddable":true,"href":"https:\/\/antika-lipovec.si\/de\/wp-json\/wp\/v2\/product_cat?post=11315"},{"taxonomy":"product_tag","embeddable":true,"href":"https:\/\/antika-lipovec.si\/de\/wp-json\/wp\/v2\/product_tag?post=11315"}],"curies":[{"name":"wp","href":"https:\/\/api.w.org\/{rel}","templated":true}]}}