{"id":11313,"date":"2022-05-25T08:31:40","date_gmt":"2022-05-25T08:31:40","guid":{"rendered":"https:\/\/antika-lipovec.si\/trgovina\/unkategorisiert\/mijo-kovacic-winterlandschaft-ol-auf-glas-2\/"},"modified":"2024-04-05T09:54:43","modified_gmt":"2024-04-05T09:54:43","slug":"mijo-kovacic-winterlandschaft-ol-auf-glas-2","status":"publish","type":"product","link":"https:\/\/antika-lipovec.si\/de\/trgovina\/kunstwerke\/naive-kunst-ex-yu\/mijo-kovacic-winterlandschaft-ol-auf-glas-2\/","title":{"rendered":"Mijo Kova\u010di\u0107 \/ Winterlandschaft \/ \u00d6l auf Glas"},"content":{"rendered":"<p>Mijo Kova\u010di\u0107 (Gornja \u0160uma, 1935 &#8211; 2020), Winterlandschaft, Malerei auf Glas (\u00d6l), signiert, ca. 1970, sch\u00f6n gerahmt, Ma\u00dfe: 50 x 44 cm, Ma\u00dfe mit Rahmen: 68 x 62 cm.<\/p>\n<p>Einer der bedeutendsten kroatischen naiven Maler. Schon als Kind zeigte er ein au\u00dferordentliches Talent f\u00fcr die Malerei, doch seine Familie konnte ihm keine weitere Ausbildung leisten. Mit achtzehn Jahren lernte er im Nachbardorf Hlebine den bereits etablierten Maler Ivan Generali\u0107 kennen. 1954 hatte Kova\u010di\u0107 seine erste Ausstellung. Er stellte auf 300 Kollektiv- und rund 100 Einzelausstellungen weltweit aus.<\/p>\n<p>Kova\u010di\u0107 geh\u00f6rt zu den Malern der sogenannten zweiten Generation der Hlebinsker Schule der naiven Malerei und hat ein abgerundetes, pers\u00f6nliches und hochgradig wiedererkennbares Oeuvre mit authentischen Elementen einer reichen, farbenfrohen, dynamischen Komposition und dramatischen Erz\u00e4hlung geschaffen. Er aquarellierte auf Papier und zeichnete mit Tusche, und in seiner reiferen Phase malte er mit gro\u00dfen \u00d6lfarben auf Glas. Drei Monographien wurden \u00fcber ihn geschrieben. Er stellte mit den Malern Generali\u010d und Ve\u010denaj auf der ber\u00fchmten Tournee der kroatischen naiven Kunst aus, die in den 1970er Jahren die Welt eroberte. Er ist Preistr\u00e4ger vieler Auszeichnungen, in allen Monographien der kroatischen naiven Malerei vertreten und gilt als einer der bedeutendsten kroatischen naiven Maler.<\/p>\n","protected":false},"excerpt":{"rendered":"<p>Mijo Kova\u010di\u0107 \/ Winterlandschaft \/ \u00d6l auf Glas<\/p>\n","protected":false},"featured_media":8324,"template":"","meta":{"_et_pb_use_builder":"","_et_pb_old_content":"","_et_gb_content_width":""},"product_brand":[],"product_cat":[217,88],"product_tag":[364],"class_list":{"0":"post-11313","1":"product","2":"type-product","3":"status-publish","4":"has-post-thumbnail","6":"product_cat-naive-kunst-ex-yu","7":"product_cat-umetniniska-dela-slovenskih-avtorjev","8":"product_tag-mijo-kovacic-de","9":"product_shipping_class-vecji-predmeti-de","11":"first","12":"outofstock","13":"shipping-taxable","14":"product-type-simple"},"_links":{"self":[{"href":"https:\/\/antika-lipovec.si\/de\/wp-json\/wp\/v2\/product\/11313","targetHints":{"allow":["GET"]}}],"collection":[{"href":"https:\/\/antika-lipovec.si\/de\/wp-json\/wp\/v2\/product"}],"about":[{"href":"https:\/\/antika-lipovec.si\/de\/wp-json\/wp\/v2\/types\/product"}],"wp:featuredmedia":[{"embeddable":true,"href":"https:\/\/antika-lipovec.si\/de\/wp-json\/wp\/v2\/media\/8324"}],"wp:attachment":[{"href":"https:\/\/antika-lipovec.si\/de\/wp-json\/wp\/v2\/media?parent=11313"}],"wp:term":[{"taxonomy":"product_brand","embeddable":true,"href":"https:\/\/antika-lipovec.si\/de\/wp-json\/wp\/v2\/product_brand?post=11313"},{"taxonomy":"product_cat","embeddable":true,"href":"https:\/\/antika-lipovec.si\/de\/wp-json\/wp\/v2\/product_cat?post=11313"},{"taxonomy":"product_tag","embeddable":true,"href":"https:\/\/antika-lipovec.si\/de\/wp-json\/wp\/v2\/product_tag?post=11313"}],"curies":[{"name":"wp","href":"https:\/\/api.w.org\/{rel}","templated":true}]}}