{"id":11306,"date":"2022-05-25T08:37:28","date_gmt":"2022-05-25T08:37:28","guid":{"rendered":"https:\/\/antika-lipovec.si\/trgovina\/unkategorisiert\/franjo-filipovic-die-geburt-ol-auf-glas\/"},"modified":"2025-01-16T11:54:33","modified_gmt":"2025-01-16T11:54:33","slug":"franjo-filipovic-die-geburt-ol-auf-glas","status":"publish","type":"product","link":"https:\/\/antika-lipovec.si\/de\/trgovina\/kunstwerke\/naive-kunst-ex-yu\/franjo-filipovic-die-geburt-ol-auf-glas\/","title":{"rendered":"Franjo Filipovi\u0107: Die Geburt, \u00d6l auf Glas"},"content":{"rendered":"<p>Franjo Filipovi\u0107 (Hlebine, 1930 &#8211; 2009): Die Geburt, \u00d6l auf Glas, l. 1968, auf der R\u00fcckseite die Aufschrift \u201eBauernmaler, Franjo Filipovi\u0107, Rodilja, Hlebine, 1968\u201c, Ma\u00dfe: 42 x 33 cm, Ma\u00dfe mit Rahmen: 50 x 41 cm.<\/p>\n<p>F. Filipovi\u0107 ist einer der wichtigsten Vertreter der zweiten Generation der Hlebinsk-Schule und Mitglied der Gruppe \u201eZemlja\u201c (zusammen mit Malern: Krsto Hegedu\u0161i\u010d, Franjo Mraz, Mirko Virius, Ivan Generali\u010d). Er nahm an Hunderten von gemeinsamen Ausstellungen in Kroatien und auf der ganzen Welt teil (London, Edinburgh, Moskau, Wien, Buenos Aires&#8230;). Seine Bilder befinden sich in vielen \u00f6ffentlichen Sammlungen, Galerien und Museen.<\/p>\n","protected":false},"excerpt":{"rendered":"<p>Franjo Filipovi\u0107 (Hlebine, 1930 &#8211; 2009): Die Geburt, \u00d6l auf Glas, l. 1968, auf der R\u00fcckseite die Aufschrift \u201eBauernmaler, Franjo Filipovi\u0107, Rodilja, Hlebine, 1968\u201c, Ma\u00dfe: 42 x 33 cm, Ma\u00dfe mit Rahmen: 50 x 41 cm. F. Filipovi\u0107 ist einer der wichtigsten Vertreter der zweiten Generation der Hlebinsk-Schule und Mitglied der Gruppe \u201eZemlja\u201c (zusammen mit [&hellip;]<\/p>\n","protected":false},"featured_media":8366,"template":"","meta":{"_et_pb_use_builder":"","_et_pb_old_content":"","_et_gb_content_width":""},"product_brand":[],"product_cat":[217,127],"product_tag":[],"class_list":{"0":"post-11306","1":"product","2":"type-product","3":"status-publish","4":"has-post-thumbnail","6":"product_cat-naive-kunst-ex-yu","7":"product_cat-ugodni-nakupi","9":"first","10":"instock","11":"sale","12":"shipping-taxable","13":"purchasable","14":"product-type-simple"},"_links":{"self":[{"href":"https:\/\/antika-lipovec.si\/de\/wp-json\/wp\/v2\/product\/11306","targetHints":{"allow":["GET"]}}],"collection":[{"href":"https:\/\/antika-lipovec.si\/de\/wp-json\/wp\/v2\/product"}],"about":[{"href":"https:\/\/antika-lipovec.si\/de\/wp-json\/wp\/v2\/types\/product"}],"wp:featuredmedia":[{"embeddable":true,"href":"https:\/\/antika-lipovec.si\/de\/wp-json\/wp\/v2\/media\/8366"}],"wp:attachment":[{"href":"https:\/\/antika-lipovec.si\/de\/wp-json\/wp\/v2\/media?parent=11306"}],"wp:term":[{"taxonomy":"product_brand","embeddable":true,"href":"https:\/\/antika-lipovec.si\/de\/wp-json\/wp\/v2\/product_brand?post=11306"},{"taxonomy":"product_cat","embeddable":true,"href":"https:\/\/antika-lipovec.si\/de\/wp-json\/wp\/v2\/product_cat?post=11306"},{"taxonomy":"product_tag","embeddable":true,"href":"https:\/\/antika-lipovec.si\/de\/wp-json\/wp\/v2\/product_tag?post=11306"}],"curies":[{"name":"wp","href":"https:\/\/api.w.org\/{rel}","templated":true}]}}