{"id":11301,"date":"2022-05-25T08:45:48","date_gmt":"2022-05-25T08:45:48","guid":{"rendered":"https:\/\/antika-lipovec.si\/trgovina\/unkategorisiert\/dragutin-kovacic-kartoffelernte-oel-auf-glas\/"},"modified":"2022-05-25T08:45:48","modified_gmt":"2022-05-25T08:45:48","slug":"dragutin-kovacic-kartoffelernte-oel-auf-glas","status":"publish","type":"product","link":"https:\/\/antika-lipovec.si\/de\/trgovina\/kunstwerke\/naive-kunst-ex-yu\/dragutin-kovacic-kartoffelernte-oel-auf-glas\/","title":{"rendered":"Dragutin Kova\u010di\u0107: Kartoffelernte, \u00d6l auf Glas"},"content":{"rendered":"<p>Dragutin Kova\u010di\u0107 (1955 &#8211; ): Kartoffelernte, \u00d6l auf Glas, signiert, Ma\u00dfe: 35 x 30 cm, Ma\u00dfe mit Rahmen: 43 x 39 cm.<\/p>\n","protected":false},"excerpt":{"rendered":"<p>Dragutin Kova\u010di\u0107 (1955 &#8211; ): Kartoffelernte, \u00d6l auf Glas, signiert, Ma\u00dfe: 35 x 30 cm, Ma\u00dfe mit Rahmen: 43 x 39 cm.<\/p>\n","protected":false},"featured_media":8417,"template":"","meta":{"_et_pb_use_builder":"","_et_pb_old_content":"","_et_gb_content_width":""},"product_brand":[],"product_cat":[217,88],"product_tag":[],"class_list":{"0":"post-11301","1":"product","2":"type-product","3":"status-publish","4":"has-post-thumbnail","6":"product_cat-naive-kunst-ex-yu","7":"product_cat-umetniniska-dela-slovenskih-avtorjev","9":"first","10":"instock","11":"sale","12":"shipping-taxable","13":"purchasable","14":"product-type-simple"},"_links":{"self":[{"href":"https:\/\/antika-lipovec.si\/de\/wp-json\/wp\/v2\/product\/11301","targetHints":{"allow":["GET"]}}],"collection":[{"href":"https:\/\/antika-lipovec.si\/de\/wp-json\/wp\/v2\/product"}],"about":[{"href":"https:\/\/antika-lipovec.si\/de\/wp-json\/wp\/v2\/types\/product"}],"wp:featuredmedia":[{"embeddable":true,"href":"https:\/\/antika-lipovec.si\/de\/wp-json\/wp\/v2\/media\/8417"}],"wp:attachment":[{"href":"https:\/\/antika-lipovec.si\/de\/wp-json\/wp\/v2\/media?parent=11301"}],"wp:term":[{"taxonomy":"product_brand","embeddable":true,"href":"https:\/\/antika-lipovec.si\/de\/wp-json\/wp\/v2\/product_brand?post=11301"},{"taxonomy":"product_cat","embeddable":true,"href":"https:\/\/antika-lipovec.si\/de\/wp-json\/wp\/v2\/product_cat?post=11301"},{"taxonomy":"product_tag","embeddable":true,"href":"https:\/\/antika-lipovec.si\/de\/wp-json\/wp\/v2\/product_tag?post=11301"}],"curies":[{"name":"wp","href":"https:\/\/api.w.org\/{rel}","templated":true}]}}