{"id":11295,"date":"2022-05-25T09:09:38","date_gmt":"2022-05-25T09:09:38","guid":{"rendered":"https:\/\/antika-lipovec.si\/trgovina\/unkategorisiert\/ivan-generalic-vogel-uber-einer-uberschwemmten-landschaft-ol-auf-glas\/"},"modified":"2024-04-05T10:13:09","modified_gmt":"2024-04-05T10:13:09","slug":"ivan-generalic-vogel-uber-einer-uberschwemmten-landschaft-ol-auf-glas","status":"publish","type":"product","link":"https:\/\/antika-lipovec.si\/de\/trgovina\/kunstwerke\/naive-kunst-ex-yu\/ivan-generalic-vogel-uber-einer-uberschwemmten-landschaft-ol-auf-glas\/","title":{"rendered":"Ivan Generali\u0107 \/ Vogel \u00fcber einer \u00fcberschwemmten Landschaft \/ \u00d6l auf Glas"},"content":{"rendered":"<p>Ivan Generali\u0107 (1914 &#8211; 1992), Vogel \u00fcber einer \u00fcberschwemmten Landschaft, \u00d6l auf Glas, signiert: I. Gen, l. 1972, einzigartiger, handgefertigter Rahmen, Ma\u00dfe: 60 x 72 cm, Ma\u00dfe mit Rahmen: 74 x 85 cm, die Echtheit des Gem\u00e4ldes wurde von den Experten des Museums f\u00fcr Naive Kunst in Koprivnica best\u00e4tigt. Der Hintergrund des Bildes ist ein st\u00fcrmischer Himmel, der mit dunkelblauen Wolken bedeckt ist. Der rosa Vogel symbolisiert die Bedrohung der Zukunft. Eine Allegorie auf die Wiedergeburt einer \u00fcberschwemmten Tieflandlandschaft. Ivan Generali\u0107 (21. Dezember 1914 Hlebine &#8211; 27. November 1992 Koprivnica): der Initiator und prominenteste Vertreter der kroatischen naiven Kunst. Er ist bekannt f\u00fcr seine stark stilisierten, lebendigen und fast halluzinatorischen Landschaften des l\u00e4ndlichen Bauernlebens, die er mit pr\u00e4gnanten politischen Kommentaren kombiniert. Generali\u010d schuf seine Werke mit einem einzigartigen Verfahren, bei dem \u00d6lfarbe auf die R\u00fcckseite einer Glasplatte aufgetragen wurde, wodurch den endg\u00fcltigen Gem\u00e4lden eine schimmernde, bildschirm\u00e4hnliche Qualit\u00e4t verliehen wurde. Er stellte unabh\u00e4ngig in Paris, New York und Br\u00fcssel aus und nahm an vielen Gruppenausstellungen teil, wie Baden-Baden, Basel, Bratislava, Shanghai, Peking, Tokio, St. Petersburg, Madrid usw. Er nahm an der Biennale in Sao Paulo teil, wo die internationale Anerkennung der kroatischen naiven Kunst begann.<\/p>\n","protected":false},"excerpt":{"rendered":"<p>Ivan Generali\u0107<\/p>\n","protected":false},"featured_media":8632,"template":"","meta":{"_et_pb_use_builder":"","_et_pb_old_content":"","_et_gb_content_width":""},"product_brand":[],"product_cat":[217,88],"product_tag":[],"class_list":{"0":"post-11295","1":"product","2":"type-product","3":"status-publish","4":"has-post-thumbnail","6":"product_cat-naive-kunst-ex-yu","7":"product_cat-umetniniska-dela-slovenskih-avtorjev","8":"product_shipping_class-vecji-predmeti-de","10":"first","11":"instock","12":"shipping-taxable","13":"product-type-simple"},"_links":{"self":[{"href":"https:\/\/antika-lipovec.si\/de\/wp-json\/wp\/v2\/product\/11295","targetHints":{"allow":["GET"]}}],"collection":[{"href":"https:\/\/antika-lipovec.si\/de\/wp-json\/wp\/v2\/product"}],"about":[{"href":"https:\/\/antika-lipovec.si\/de\/wp-json\/wp\/v2\/types\/product"}],"wp:featuredmedia":[{"embeddable":true,"href":"https:\/\/antika-lipovec.si\/de\/wp-json\/wp\/v2\/media\/8632"}],"wp:attachment":[{"href":"https:\/\/antika-lipovec.si\/de\/wp-json\/wp\/v2\/media?parent=11295"}],"wp:term":[{"taxonomy":"product_brand","embeddable":true,"href":"https:\/\/antika-lipovec.si\/de\/wp-json\/wp\/v2\/product_brand?post=11295"},{"taxonomy":"product_cat","embeddable":true,"href":"https:\/\/antika-lipovec.si\/de\/wp-json\/wp\/v2\/product_cat?post=11295"},{"taxonomy":"product_tag","embeddable":true,"href":"https:\/\/antika-lipovec.si\/de\/wp-json\/wp\/v2\/product_tag?post=11295"}],"curies":[{"name":"wp","href":"https:\/\/api.w.org\/{rel}","templated":true}]}}