{"id":11293,"date":"2022-05-25T09:13:19","date_gmt":"2022-05-25T09:13:19","guid":{"rendered":"https:\/\/antika-lipovec.si\/trgovina\/unkategorisiert\/dragutin-kovacic-schweinehirte\/"},"modified":"2022-05-25T09:13:19","modified_gmt":"2022-05-25T09:13:19","slug":"dragutin-kovacic-schweinehirte","status":"publish","type":"product","link":"https:\/\/antika-lipovec.si\/de\/trgovina\/kunstwerke\/naive-kunst-ex-yu\/dragutin-kovacic-schweinehirte\/","title":{"rendered":"Dragutin Kova\u010di\u0107: Schweinehirte"},"content":{"rendered":"<p>Dragutin Kova\u010di\u0107 (1955 &#8211; ): Schweinehirte, \u00d6l auf Glas, signiert, l 1987. Ma\u00dfe: 34 x 32 cm, Ma\u00dfe mit Rahmen: 44 x 40 cm.<\/p>\n","protected":false},"excerpt":{"rendered":"<p>Dragutin Kova\u010di\u0107 (1955 &#8211; ): Schweinehirte, \u00d6l auf Glas, signiert, l 1987. Ma\u00dfe: 34 x 32 cm, Ma\u00dfe mit Rahmen: 44 x 40 cm.<\/p>\n","protected":false},"featured_media":8413,"template":"","meta":{"_et_pb_use_builder":"","_et_pb_old_content":"","_et_gb_content_width":""},"product_brand":[],"product_cat":[217,127],"product_tag":[],"class_list":{"0":"post-11293","1":"product","2":"type-product","3":"status-publish","4":"has-post-thumbnail","6":"product_cat-naive-kunst-ex-yu","7":"product_cat-ugodni-nakupi","9":"first","10":"instock","11":"sale","12":"shipping-taxable","13":"purchasable","14":"product-type-simple"},"_links":{"self":[{"href":"https:\/\/antika-lipovec.si\/de\/wp-json\/wp\/v2\/product\/11293","targetHints":{"allow":["GET"]}}],"collection":[{"href":"https:\/\/antika-lipovec.si\/de\/wp-json\/wp\/v2\/product"}],"about":[{"href":"https:\/\/antika-lipovec.si\/de\/wp-json\/wp\/v2\/types\/product"}],"wp:featuredmedia":[{"embeddable":true,"href":"https:\/\/antika-lipovec.si\/de\/wp-json\/wp\/v2\/media\/8413"}],"wp:attachment":[{"href":"https:\/\/antika-lipovec.si\/de\/wp-json\/wp\/v2\/media?parent=11293"}],"wp:term":[{"taxonomy":"product_brand","embeddable":true,"href":"https:\/\/antika-lipovec.si\/de\/wp-json\/wp\/v2\/product_brand?post=11293"},{"taxonomy":"product_cat","embeddable":true,"href":"https:\/\/antika-lipovec.si\/de\/wp-json\/wp\/v2\/product_cat?post=11293"},{"taxonomy":"product_tag","embeddable":true,"href":"https:\/\/antika-lipovec.si\/de\/wp-json\/wp\/v2\/product_tag?post=11293"}],"curies":[{"name":"wp","href":"https:\/\/api.w.org\/{rel}","templated":true}]}}