{"id":11290,"date":"2022-05-25T09:17:11","date_gmt":"2022-05-25T09:17:11","guid":{"rendered":"https:\/\/antika-lipovec.si\/trgovina\/unkategorisiert\/dragutin-kovacic-kuehe-auf-der-weide\/"},"modified":"2022-05-25T09:17:11","modified_gmt":"2022-05-25T09:17:11","slug":"dragutin-kovacic-kuehe-auf-der-weide","status":"publish","type":"product","link":"https:\/\/antika-lipovec.si\/de\/trgovina\/kunstwerke\/naive-kunst-ex-yu\/dragutin-kovacic-kuehe-auf-der-weide\/","title":{"rendered":"Dragutin Kova\u010di\u0107: K\u00fche auf der Weide"},"content":{"rendered":"<p>Dragutin Kova\u010di\u0107 (1955 &#8211; ): K\u00fche auf der Weide, \u00d6l auf Glas (Miniatur), signiert, Jahr 1989, Ma\u00dfe: 16 x 12 cm, Ma\u00dfe mit Rahmen: 26,5 x 22,5 cm.<\/p>\n","protected":false},"excerpt":{"rendered":"<p>Dragutin Kova\u010di\u0107 (1955 &#8211; ): K\u00fche auf der Weide, \u00d6l auf Glas (Miniatur), signiert, Jahr 1989, Ma\u00dfe: 16 x 12 cm, Ma\u00dfe mit Rahmen: 26,5 x 22,5 cm.<\/p>\n","protected":false},"featured_media":8424,"template":"","meta":{"_et_pb_use_builder":"","_et_pb_old_content":"","_et_gb_content_width":""},"product_brand":[],"product_cat":[217,127],"product_tag":[],"class_list":{"0":"post-11290","1":"product","2":"type-product","3":"status-publish","4":"has-post-thumbnail","6":"product_cat-naive-kunst-ex-yu","7":"product_cat-ugodni-nakupi","9":"first","10":"instock","11":"sale","12":"shipping-taxable","13":"purchasable","14":"product-type-simple"},"_links":{"self":[{"href":"https:\/\/antika-lipovec.si\/de\/wp-json\/wp\/v2\/product\/11290","targetHints":{"allow":["GET"]}}],"collection":[{"href":"https:\/\/antika-lipovec.si\/de\/wp-json\/wp\/v2\/product"}],"about":[{"href":"https:\/\/antika-lipovec.si\/de\/wp-json\/wp\/v2\/types\/product"}],"wp:featuredmedia":[{"embeddable":true,"href":"https:\/\/antika-lipovec.si\/de\/wp-json\/wp\/v2\/media\/8424"}],"wp:attachment":[{"href":"https:\/\/antika-lipovec.si\/de\/wp-json\/wp\/v2\/media?parent=11290"}],"wp:term":[{"taxonomy":"product_brand","embeddable":true,"href":"https:\/\/antika-lipovec.si\/de\/wp-json\/wp\/v2\/product_brand?post=11290"},{"taxonomy":"product_cat","embeddable":true,"href":"https:\/\/antika-lipovec.si\/de\/wp-json\/wp\/v2\/product_cat?post=11290"},{"taxonomy":"product_tag","embeddable":true,"href":"https:\/\/antika-lipovec.si\/de\/wp-json\/wp\/v2\/product_tag?post=11290"}],"curies":[{"name":"wp","href":"https:\/\/api.w.org\/{rel}","templated":true}]}}