{"id":11148,"date":"2022-05-25T09:24:11","date_gmt":"2022-05-25T09:24:11","guid":{"rendered":"https:\/\/antika-lipovec.si\/trgovina\/unkategorisiert\/stjepan-janzek-hochzeit-oel-auf-glas\/"},"modified":"2022-05-25T09:24:11","modified_gmt":"2022-05-25T09:24:11","slug":"stjepan-janzek-hochzeit-oel-auf-glas","status":"publish","type":"product","link":"https:\/\/antika-lipovec.si\/de\/trgovina\/kunstwerke\/naive-kunst-ex-yu\/stjepan-janzek-hochzeit-oel-auf-glas\/","title":{"rendered":"Stjepan Jan\u017eek: Hochzeit, \u00d6l auf Glas"},"content":{"rendered":"<p>Stjepan Jan\u017eek: Hochzeit, \u00d6l auf Glas, signiert, l. 1976, Ma\u00dfe: 23 x 30 cm, Ma\u00dfe mit Rahmen: 30 x 37 cm.<\/p>\n<p>Aufgrund einer Muskeldystrophie ist er seit seiner Kindheit an den Rollstuhl gefesselt. Wenn seine gro\u00dfe Familie zur Feldarbeit auf die Felder ging, blieb Stjepan zu Hause und zeichnete und schnitzte. Im Laufe der Jahre hinderte ihn die fortgeschrittene Krankheit auch daran, die Arbeit zu tun, die ihm am besten gefiel, und fesselte ihn ans Bett.<\/p>\n<p>Dank seines Talents stellte Jan\u017eek seine Bilder in den siebziger Jahren des 20. Jahrhunderts auf vielen Ausstellungen im In- und Ausland aus. Er ist ein Vertreter der sogenannten &#8222;Zagorska-Richtung&#8220;<\/p>\n","protected":false},"excerpt":{"rendered":"<p>Stjepan Jan\u017eek: Hochzeit, \u00d6l auf Glas, signiert, l. 1976, Ma\u00dfe: 23 x 30 cm, Ma\u00dfe mit Rahmen: 30 x 37 cm. Aufgrund einer Muskeldystrophie ist er seit seiner Kindheit an den Rollstuhl gefesselt. Wenn seine gro\u00dfe Familie zur Feldarbeit auf die Felder ging, blieb Stjepan zu Hause und zeichnete und schnitzte. Im Laufe der Jahre [&hellip;]<\/p>\n","protected":false},"featured_media":8384,"template":"","meta":{"_et_pb_use_builder":"","_et_pb_old_content":"","_et_gb_content_width":""},"product_brand":[],"product_cat":[217,88,127],"product_tag":[],"class_list":{"0":"post-11148","1":"product","2":"type-product","3":"status-publish","4":"has-post-thumbnail","6":"product_cat-naive-kunst-ex-yu","7":"product_cat-umetniniska-dela-slovenskih-avtorjev","8":"product_cat-ugodni-nakupi","10":"first","11":"instock","12":"shipping-taxable","13":"purchasable","14":"product-type-simple"},"_links":{"self":[{"href":"https:\/\/antika-lipovec.si\/de\/wp-json\/wp\/v2\/product\/11148","targetHints":{"allow":["GET"]}}],"collection":[{"href":"https:\/\/antika-lipovec.si\/de\/wp-json\/wp\/v2\/product"}],"about":[{"href":"https:\/\/antika-lipovec.si\/de\/wp-json\/wp\/v2\/types\/product"}],"wp:featuredmedia":[{"embeddable":true,"href":"https:\/\/antika-lipovec.si\/de\/wp-json\/wp\/v2\/media\/8384"}],"wp:attachment":[{"href":"https:\/\/antika-lipovec.si\/de\/wp-json\/wp\/v2\/media?parent=11148"}],"wp:term":[{"taxonomy":"product_brand","embeddable":true,"href":"https:\/\/antika-lipovec.si\/de\/wp-json\/wp\/v2\/product_brand?post=11148"},{"taxonomy":"product_cat","embeddable":true,"href":"https:\/\/antika-lipovec.si\/de\/wp-json\/wp\/v2\/product_cat?post=11148"},{"taxonomy":"product_tag","embeddable":true,"href":"https:\/\/antika-lipovec.si\/de\/wp-json\/wp\/v2\/product_tag?post=11148"}],"curies":[{"name":"wp","href":"https:\/\/api.w.org\/{rel}","templated":true}]}}