{"id":11146,"date":"2022-05-25T09:29:17","date_gmt":"2022-05-25T09:29:17","guid":{"rendered":"https:\/\/antika-lipovec.si\/trgovina\/unkategorisiert\/emir-a-oman-grossvater-mit-enkelkindern-die-heilige-schrift-lesend\/"},"modified":"2024-04-05T09:53:04","modified_gmt":"2024-04-05T09:53:04","slug":"emir-a-oman-grossvater-mit-enkelkindern-die-heilige-schrift-lesend","status":"publish","type":"product","link":"https:\/\/antika-lipovec.si\/de\/trgovina\/kunstwerke\/naive-kunst-ex-yu\/emir-a-oman-grossvater-mit-enkelkindern-die-heilige-schrift-lesend\/","title":{"rendered":"Emir A. Oman \/ Gro\u00dfvater mit Enkelkindern, die Heilige Schrift lesend"},"content":{"rendered":"<p>Emir A. Oman, Gro\u00dfvater mit Enkelkindern, die Heilige Schrift lesend, \u00d6l auf Glas, signiert, l. 1982, Ma\u00dfe: 63 x 79 cm, Ma\u00dfe mit Rahmen: 73 x 89 cm.<\/p>\n","protected":false},"excerpt":{"rendered":"<p>Emir A. Oman \/ Gro\u00dfvater mit Enkelkindern \/ \u00d6l auf Glas<\/p>\n","protected":false},"featured_media":8486,"template":"","meta":{"_et_pb_use_builder":"","_et_pb_old_content":"","_et_gb_content_width":""},"product_brand":[],"product_cat":[217,219],"product_tag":[],"class_list":{"0":"post-11146","1":"product","2":"type-product","3":"status-publish","4":"has-post-thumbnail","6":"product_cat-naive-kunst-ex-yu","7":"product_cat-schnaeppchenkauf","9":"first","10":"instock","11":"sale","12":"shipping-taxable","13":"purchasable","14":"product-type-simple"},"_links":{"self":[{"href":"https:\/\/antika-lipovec.si\/de\/wp-json\/wp\/v2\/product\/11146","targetHints":{"allow":["GET"]}}],"collection":[{"href":"https:\/\/antika-lipovec.si\/de\/wp-json\/wp\/v2\/product"}],"about":[{"href":"https:\/\/antika-lipovec.si\/de\/wp-json\/wp\/v2\/types\/product"}],"wp:featuredmedia":[{"embeddable":true,"href":"https:\/\/antika-lipovec.si\/de\/wp-json\/wp\/v2\/media\/8486"}],"wp:attachment":[{"href":"https:\/\/antika-lipovec.si\/de\/wp-json\/wp\/v2\/media?parent=11146"}],"wp:term":[{"taxonomy":"product_brand","embeddable":true,"href":"https:\/\/antika-lipovec.si\/de\/wp-json\/wp\/v2\/product_brand?post=11146"},{"taxonomy":"product_cat","embeddable":true,"href":"https:\/\/antika-lipovec.si\/de\/wp-json\/wp\/v2\/product_cat?post=11146"},{"taxonomy":"product_tag","embeddable":true,"href":"https:\/\/antika-lipovec.si\/de\/wp-json\/wp\/v2\/product_tag?post=11146"}],"curies":[{"name":"wp","href":"https:\/\/api.w.org\/{rel}","templated":true}]}}