{"id":11144,"date":"2022-05-25T09:33:59","date_gmt":"2022-05-25T09:33:59","guid":{"rendered":"https:\/\/antika-lipovec.si\/trgovina\/unkategorisiert\/slavko-besenic-bijeli-krovovi-weise-dacher\/"},"modified":"2024-04-05T09:49:09","modified_gmt":"2024-04-05T09:49:09","slug":"slavko-besenic-bijeli-krovovi-weise-dacher","status":"publish","type":"product","link":"https:\/\/antika-lipovec.si\/de\/trgovina\/kunstwerke\/naive-kunst-ex-yu\/slavko-besenic-bijeli-krovovi-weise-dacher\/","title":{"rendered":"Slavko Be\u0161eni\u0107 \/ Bijeli krovovi\/ Wei\u00dfe D\u00e4cher"},"content":{"rendered":"<p>Slavko Be\u0161eni\u0107 (1954 &#8211; 2019), Bijeli krovovi (Wei\u00dfe D\u00e4cher), \u00d6l auf Glas, signiert, l. 1978, Ma\u00dfe: 38 x 20 cm, Ma\u00dfe mit Rahmen: 47 x 29 cm.<\/p>\n","protected":false},"excerpt":{"rendered":"<p>Slavko Be\u0161eni\u0107 \/ Bijeli krovovi\/ Wei\u00dfe D\u00e4cher<\/p>\n","protected":false},"featured_media":8428,"template":"","meta":{"_et_pb_use_builder":"","_et_pb_old_content":"","_et_gb_content_width":""},"product_brand":[],"product_cat":[217,88],"product_tag":[361],"class_list":{"0":"post-11144","1":"product","2":"type-product","3":"status-publish","4":"has-post-thumbnail","6":"product_cat-naive-kunst-ex-yu","7":"product_cat-umetniniska-dela-slovenskih-avtorjev","8":"product_tag-slavko-besenic-de","10":"first","11":"instock","12":"shipping-taxable","13":"purchasable","14":"product-type-simple"},"_links":{"self":[{"href":"https:\/\/antika-lipovec.si\/de\/wp-json\/wp\/v2\/product\/11144","targetHints":{"allow":["GET"]}}],"collection":[{"href":"https:\/\/antika-lipovec.si\/de\/wp-json\/wp\/v2\/product"}],"about":[{"href":"https:\/\/antika-lipovec.si\/de\/wp-json\/wp\/v2\/types\/product"}],"wp:featuredmedia":[{"embeddable":true,"href":"https:\/\/antika-lipovec.si\/de\/wp-json\/wp\/v2\/media\/8428"}],"wp:attachment":[{"href":"https:\/\/antika-lipovec.si\/de\/wp-json\/wp\/v2\/media?parent=11144"}],"wp:term":[{"taxonomy":"product_brand","embeddable":true,"href":"https:\/\/antika-lipovec.si\/de\/wp-json\/wp\/v2\/product_brand?post=11144"},{"taxonomy":"product_cat","embeddable":true,"href":"https:\/\/antika-lipovec.si\/de\/wp-json\/wp\/v2\/product_cat?post=11144"},{"taxonomy":"product_tag","embeddable":true,"href":"https:\/\/antika-lipovec.si\/de\/wp-json\/wp\/v2\/product_tag?post=11144"}],"curies":[{"name":"wp","href":"https:\/\/api.w.org\/{rel}","templated":true}]}}