{"id":11139,"date":"2022-05-25T14:37:38","date_gmt":"2022-05-25T14:37:38","guid":{"rendered":"https:\/\/antika-lipovec.si\/trgovina\/unkategorisiert\/josip-greguric-1951-winterlandschaft\/"},"modified":"2024-04-05T09:51:06","modified_gmt":"2024-04-05T09:51:06","slug":"josip-greguric-1951-winterlandschaft","status":"publish","type":"product","link":"https:\/\/antika-lipovec.si\/de\/trgovina\/kunstwerke\/naive-kunst-ex-yu\/josip-greguric-1951-winterlandschaft\/","title":{"rendered":"Josip Greguri\u0107 \/ Winterlandschaft"},"content":{"rendered":"<p>Josip Greguri\u0107 (1951), Winterlandschaft, \u00d6l auf Glas, signiert, Jahr 1982, Ma\u00dfe: 33 x 32 cm, Ma\u00dfe mit Rahmen: 46 x 36 cm.<\/p>\n","protected":false},"excerpt":{"rendered":"<p>Josip Greguri\u0107 \/ Winterlandschaft \/ \u00d6l auf Glas<\/p>\n","protected":false},"featured_media":8450,"template":"","meta":{"_et_pb_use_builder":"","_et_pb_old_content":"","_et_gb_content_width":""},"product_brand":[],"product_cat":[217,88],"product_tag":[362],"class_list":{"0":"post-11139","1":"product","2":"type-product","3":"status-publish","4":"has-post-thumbnail","6":"product_cat-naive-kunst-ex-yu","7":"product_cat-umetniniska-dela-slovenskih-avtorjev","8":"product_tag-josip-greguric-de","10":"first","11":"instock","12":"shipping-taxable","13":"purchasable","14":"product-type-simple"},"_links":{"self":[{"href":"https:\/\/antika-lipovec.si\/de\/wp-json\/wp\/v2\/product\/11139","targetHints":{"allow":["GET"]}}],"collection":[{"href":"https:\/\/antika-lipovec.si\/de\/wp-json\/wp\/v2\/product"}],"about":[{"href":"https:\/\/antika-lipovec.si\/de\/wp-json\/wp\/v2\/types\/product"}],"wp:featuredmedia":[{"embeddable":true,"href":"https:\/\/antika-lipovec.si\/de\/wp-json\/wp\/v2\/media\/8450"}],"wp:attachment":[{"href":"https:\/\/antika-lipovec.si\/de\/wp-json\/wp\/v2\/media?parent=11139"}],"wp:term":[{"taxonomy":"product_brand","embeddable":true,"href":"https:\/\/antika-lipovec.si\/de\/wp-json\/wp\/v2\/product_brand?post=11139"},{"taxonomy":"product_cat","embeddable":true,"href":"https:\/\/antika-lipovec.si\/de\/wp-json\/wp\/v2\/product_cat?post=11139"},{"taxonomy":"product_tag","embeddable":true,"href":"https:\/\/antika-lipovec.si\/de\/wp-json\/wp\/v2\/product_tag?post=11139"}],"curies":[{"name":"wp","href":"https:\/\/api.w.org\/{rel}","templated":true}]}}