{"id":11134,"date":"2022-05-25T14:41:21","date_gmt":"2022-05-25T14:41:21","guid":{"rendered":"https:\/\/antika-lipovec.si\/trgovina\/unkategorisiert\/emir-a-oman-schaeferin\/"},"modified":"2024-04-05T09:58:50","modified_gmt":"2024-04-05T09:58:50","slug":"emir-a-oman-schaeferin","status":"publish","type":"product","link":"https:\/\/antika-lipovec.si\/de\/trgovina\/kunstwerke\/naive-kunst-ex-yu\/emir-a-oman-schaeferin\/","title":{"rendered":"Emir A. Oman \/ Sch\u00e4ferin"},"content":{"rendered":"<p>Emir A. Oman, Sch\u00e4ferin, \u00d6l auf Glas, signiert, Ma\u00dfe: 20 x 24 cm, Ma\u00dfe mit Rahmen: 24,5 x 28,5 cm.<\/p>\n","protected":false},"excerpt":{"rendered":"<p>Emir A. Oman \/ Sch\u00e4ferin \/ \u00d6l auf Glas<\/p>\n","protected":false},"featured_media":8373,"template":"","meta":{"_et_pb_use_builder":"","_et_pb_old_content":"","_et_gb_content_width":""},"product_brand":[],"product_cat":[217,127],"product_tag":[],"class_list":{"0":"post-11134","1":"product","2":"type-product","3":"status-publish","4":"has-post-thumbnail","6":"product_cat-naive-kunst-ex-yu","7":"product_cat-ugodni-nakupi","9":"first","10":"instock","11":"sale","12":"shipping-taxable","13":"purchasable","14":"product-type-simple"},"_links":{"self":[{"href":"https:\/\/antika-lipovec.si\/de\/wp-json\/wp\/v2\/product\/11134","targetHints":{"allow":["GET"]}}],"collection":[{"href":"https:\/\/antika-lipovec.si\/de\/wp-json\/wp\/v2\/product"}],"about":[{"href":"https:\/\/antika-lipovec.si\/de\/wp-json\/wp\/v2\/types\/product"}],"wp:featuredmedia":[{"embeddable":true,"href":"https:\/\/antika-lipovec.si\/de\/wp-json\/wp\/v2\/media\/8373"}],"wp:attachment":[{"href":"https:\/\/antika-lipovec.si\/de\/wp-json\/wp\/v2\/media?parent=11134"}],"wp:term":[{"taxonomy":"product_brand","embeddable":true,"href":"https:\/\/antika-lipovec.si\/de\/wp-json\/wp\/v2\/product_brand?post=11134"},{"taxonomy":"product_cat","embeddable":true,"href":"https:\/\/antika-lipovec.si\/de\/wp-json\/wp\/v2\/product_cat?post=11134"},{"taxonomy":"product_tag","embeddable":true,"href":"https:\/\/antika-lipovec.si\/de\/wp-json\/wp\/v2\/product_tag?post=11134"}],"curies":[{"name":"wp","href":"https:\/\/api.w.org\/{rel}","templated":true}]}}