{"id":10892,"date":"2020-06-13T09:46:43","date_gmt":"2020-06-13T09:46:43","guid":{"rendered":"https:\/\/antika-lipovec.si\/trgovina\/unkategorisiert\/ausergewohnliche-tischuhr-art-nouveau\/"},"modified":"2020-06-13T09:46:43","modified_gmt":"2020-06-13T09:46:43","slug":"ausergewohnliche-tischuhr-art-nouveau","status":"publish","type":"product","link":"https:\/\/antika-lipovec.si\/de\/trgovina\/antikes\/sonst\/ausergewohnliche-tischuhr-art-nouveau\/","title":{"rendered":"Au\u00dfergew\u00f6hnliche Tischuhr, Art Nouveau"},"content":{"rendered":"<p>Au\u00dfergew\u00f6hnliche Tischuhr, Art Nouveau, ungef\u00e4hr 1910, Marmor, skulpturen aus bronziertes Zinn. Die Uhr wurde restauriert.<\/p>\n<p>Abmessungen: : 58 x 17 x 43 (H) cm.<\/p>\n","protected":false},"excerpt":{"rendered":"<p>Au\u00dfergew\u00f6hnliche Tischuhr, Art Nouveau, ungef\u00e4hr 1910, Marmor, skulpturen aus bronziertes Zinn. Die Uhr wurde restauriert. Abmessungen: : 58 x 17 x 43 (H) cm.<\/p>\n","protected":false},"featured_media":5766,"template":"","meta":{"_et_pb_use_builder":"","_et_pb_old_content":"","_et_gb_content_width":""},"product_brand":[],"product_cat":[100,127],"product_tag":[],"class_list":{"0":"post-10892","1":"product","2":"type-product","3":"status-publish","4":"has-post-thumbnail","6":"product_cat-sonst","7":"product_cat-ugodni-nakupi","8":"product_shipping_class-vecji-predmeti-de","10":"first","11":"instock","12":"sale","13":"shipping-taxable","14":"purchasable","15":"product-type-simple"},"_links":{"self":[{"href":"https:\/\/antika-lipovec.si\/de\/wp-json\/wp\/v2\/product\/10892","targetHints":{"allow":["GET"]}}],"collection":[{"href":"https:\/\/antika-lipovec.si\/de\/wp-json\/wp\/v2\/product"}],"about":[{"href":"https:\/\/antika-lipovec.si\/de\/wp-json\/wp\/v2\/types\/product"}],"wp:featuredmedia":[{"embeddable":true,"href":"https:\/\/antika-lipovec.si\/de\/wp-json\/wp\/v2\/media\/5766"}],"wp:attachment":[{"href":"https:\/\/antika-lipovec.si\/de\/wp-json\/wp\/v2\/media?parent=10892"}],"wp:term":[{"taxonomy":"product_brand","embeddable":true,"href":"https:\/\/antika-lipovec.si\/de\/wp-json\/wp\/v2\/product_brand?post=10892"},{"taxonomy":"product_cat","embeddable":true,"href":"https:\/\/antika-lipovec.si\/de\/wp-json\/wp\/v2\/product_cat?post=10892"},{"taxonomy":"product_tag","embeddable":true,"href":"https:\/\/antika-lipovec.si\/de\/wp-json\/wp\/v2\/product_tag?post=10892"}],"curies":[{"name":"wp","href":"https:\/\/api.w.org\/{rel}","templated":true}]}}