{"id":10833,"date":"2021-07-15T08:19:00","date_gmt":"2021-07-15T08:19:00","guid":{"rendered":"https:\/\/antika-lipovec.si\/trgovina\/unkategorisiert\/grosse-karaffe-jugendstil\/"},"modified":"2021-07-15T08:19:00","modified_gmt":"2021-07-15T08:19:00","slug":"grosse-karaffe-jugendstil","status":"publish","type":"product","link":"https:\/\/antika-lipovec.si\/de\/trgovina\/antikes\/sonst\/grosse-karaffe-jugendstil\/","title":{"rendered":"Gro\u00dfe Karaffe, Jugendstil"},"content":{"rendered":"<p>Gro\u00dfe Karaffe, Jugendstil, Anfang 20. Jahrhundert, versilbertes Zinn, handgeschliffenes Glas. Sehr sch\u00f6n erhalten. H\u00f6he: 38 cm.<\/p>\n","protected":false},"excerpt":{"rendered":"<p>Gro\u00dfe Karaffe, Jugendstil, Anfang 20. Jahrhundert, versilbertes Zinn, handgeschliffenes Glas. Sehr sch\u00f6n erhalten. H\u00f6he: 38 cm.<\/p>\n","protected":false},"featured_media":7689,"template":"","meta":{"_et_pb_use_builder":"","_et_pb_old_content":"","_et_gb_content_width":""},"product_brand":[],"product_cat":[100,127],"product_tag":[242,244],"class_list":{"0":"post-10833","1":"product","2":"type-product","3":"status-publish","4":"has-post-thumbnail","6":"product_cat-sonst","7":"product_cat-ugodni-nakupi","8":"product_tag-jugendstil-de","9":"product_tag-karafa-de","11":"first","12":"instock","13":"sale","14":"shipping-taxable","15":"purchasable","16":"product-type-simple"},"_links":{"self":[{"href":"https:\/\/antika-lipovec.si\/de\/wp-json\/wp\/v2\/product\/10833","targetHints":{"allow":["GET"]}}],"collection":[{"href":"https:\/\/antika-lipovec.si\/de\/wp-json\/wp\/v2\/product"}],"about":[{"href":"https:\/\/antika-lipovec.si\/de\/wp-json\/wp\/v2\/types\/product"}],"wp:featuredmedia":[{"embeddable":true,"href":"https:\/\/antika-lipovec.si\/de\/wp-json\/wp\/v2\/media\/7689"}],"wp:attachment":[{"href":"https:\/\/antika-lipovec.si\/de\/wp-json\/wp\/v2\/media?parent=10833"}],"wp:term":[{"taxonomy":"product_brand","embeddable":true,"href":"https:\/\/antika-lipovec.si\/de\/wp-json\/wp\/v2\/product_brand?post=10833"},{"taxonomy":"product_cat","embeddable":true,"href":"https:\/\/antika-lipovec.si\/de\/wp-json\/wp\/v2\/product_cat?post=10833"},{"taxonomy":"product_tag","embeddable":true,"href":"https:\/\/antika-lipovec.si\/de\/wp-json\/wp\/v2\/product_tag?post=10833"}],"curies":[{"name":"wp","href":"https:\/\/api.w.org\/{rel}","templated":true}]}}