{"id":10797,"date":"2022-06-24T09:20:18","date_gmt":"2022-06-24T09:20:18","guid":{"rendered":"https:\/\/antika-lipovec.si\/trgovina\/unkategorisiert\/ein-paar-barocker-engel\/"},"modified":"2024-01-03T09:41:48","modified_gmt":"2024-01-03T09:41:48","slug":"ein-paar-barocker-engel","status":"publish","type":"product","link":"https:\/\/antika-lipovec.si\/de\/trgovina\/kunstwerke\/kunstwerke-slowenische-kuenstler\/ein-paar-barocker-engel\/","title":{"rendered":"Barocker Engel (Holzinger Werkstatt)"},"content":{"rendered":"<p>Barocker Engel, aus der zweiten H\u00e4lfte des 18. Jahrhunderts, aus Holz, aus der Holzinger Werkstatt (Jo\u017eef Holzinger, Bildhauer und Schnitzer, 1735-1797). Sehr sch\u00f6n erhalten (Originalvergoldung). Abmessungen: 26 x 20 cm.<\/p>\n","protected":false},"excerpt":{"rendered":"<p>Barocker Engel, aus der zweiten H\u00e4lfte des 18. Jahrhunderts, aus Holz, aus der Holzinger Werkstatt (Jo\u017eef Holzinger, Bildhauer und Schnitzer, 1735-1797). Sehr sch\u00f6n erhalten (Originalvergoldung). Abmessungen: 26 x 20 cm.<\/p>\n","protected":false},"featured_media":8560,"template":"","meta":{"_et_pb_use_builder":"","_et_pb_old_content":"","_et_gb_content_width":""},"product_brand":[],"product_cat":[90,100],"product_tag":[],"class_list":{"0":"post-10797","1":"product","2":"type-product","3":"status-publish","4":"has-post-thumbnail","6":"product_cat-kunstwerke-slowenische-kuenstler","7":"product_cat-sonst","8":"product_shipping_class-vecji-predmeti-de","10":"first","11":"outofstock","12":"shipping-taxable","13":"product-type-simple"},"_links":{"self":[{"href":"https:\/\/antika-lipovec.si\/de\/wp-json\/wp\/v2\/product\/10797","targetHints":{"allow":["GET"]}}],"collection":[{"href":"https:\/\/antika-lipovec.si\/de\/wp-json\/wp\/v2\/product"}],"about":[{"href":"https:\/\/antika-lipovec.si\/de\/wp-json\/wp\/v2\/types\/product"}],"wp:featuredmedia":[{"embeddable":true,"href":"https:\/\/antika-lipovec.si\/de\/wp-json\/wp\/v2\/media\/8560"}],"wp:attachment":[{"href":"https:\/\/antika-lipovec.si\/de\/wp-json\/wp\/v2\/media?parent=10797"}],"wp:term":[{"taxonomy":"product_brand","embeddable":true,"href":"https:\/\/antika-lipovec.si\/de\/wp-json\/wp\/v2\/product_brand?post=10797"},{"taxonomy":"product_cat","embeddable":true,"href":"https:\/\/antika-lipovec.si\/de\/wp-json\/wp\/v2\/product_cat?post=10797"},{"taxonomy":"product_tag","embeddable":true,"href":"https:\/\/antika-lipovec.si\/de\/wp-json\/wp\/v2\/product_tag?post=10797"}],"curies":[{"name":"wp","href":"https:\/\/api.w.org\/{rel}","templated":true}]}}