{"id":9656,"date":"2023-02-27T10:41:59","date_gmt":"2023-02-27T10:41:59","guid":{"rendered":"https:\/\/antika-lipovec.si\/unser-angebot\/"},"modified":"2023-02-27T10:42:00","modified_gmt":"2023-02-27T10:42:00","slug":"unser-angebot","status":"publish","type":"page","link":"https:\/\/antika-lipovec.si\/de\/unser-angebot\/","title":{"rendered":"Unser Angebot"},"content":{"rendered":"<p>[et_pb_section fb_built=&#8220;1&#8243; fullwidth=&#8220;on&#8220; disabled_on=&#8220;on|off|off&#8220; admin_label=&#8220;HEADER &#8211; LARGE&#8220; _builder_version=&#8220;4.6.5&#8243; custom_margin=&#8220;0px||||false|false&#8220; custom_padding=&#8220;0px||||false|false&#8220; locked=&#8220;off&#8220;][et_pb_fullwidth_header title=&#8220;@ET-DC@eyJkeW5hbWljIjp0cnVlLCJjb250ZW50IjoicG9zdF90aXRsZSIsInNldHRpbmdzIjp7ImJlZm9yZSI6IiIsImFmdGVyIjoiIn19@&#8220; subhead=&#8220;@ET-DC@eyJkeW5hbWljIjp0cnVlLCJjb250ZW50Ijoic2l0ZV90aXRsZSIsInNldHRpbmdzIjp7ImJlZm9yZSI6IiIsImFmdGVyIjoiIn19@&#8220; background_overlay_color=&#8220;rgba(0,0,0,0.16)&#8220; _builder_version=&#8220;4.6.5&#8243; _dynamic_attributes=&#8220;title,subhead&#8220; background_color=&#8220;rgba(0,51,71,0.62)&#8220; background_image=&#8220;https:\/\/antika-lipovec.si\/wp-content\/uploads\/2020\/10\/antika-lipovec-head-shop-1.jpg&#8220; parallax=&#8220;on&#8220; min_height=&#8220;360px&#8220; custom_margin=&#8220;0px||||false|false&#8220; custom_margin_tablet=&#8220;&#8220; custom_margin_phone=&#8220;0px||||false|false&#8220; custom_margin_last_edited=&#8220;on|phone&#8220; custom_padding=&#8220;124px||||false|false&#8220;][\/et_pb_fullwidth_header][\/et_pb_section][et_pb_section fb_built=&#8220;1&#8243; fullwidth=&#8220;on&#8220; disabled_on=&#8220;off|on|on&#8220; admin_label=&#8220;HEADER &#8211; MOBILE&#8220; _builder_version=&#8220;4.6.5&#8243; custom_margin=&#8220;0px||||false|false&#8220; custom_padding=&#8220;0px||||false|false&#8220; locked=&#8220;off&#8220;][et_pb_fullwidth_header title=&#8220;@ET-DC@eyJkeW5hbWljIjp0cnVlLCJjb250ZW50IjoicG9zdF90aXRsZSIsInNldHRpbmdzIjp7ImJlZm9yZSI6IiIsImFmdGVyIjoiIn19@&#8220; subhead=&#8220;@ET-DC@eyJkeW5hbWljIjp0cnVlLCJjb250ZW50Ijoic2l0ZV90aXRsZSIsInNldHRpbmdzIjp7ImJlZm9yZSI6IiIsImFmdGVyIjoiIn19@&#8220; background_overlay_color=&#8220;rgba(0,0,0,0.16)&#8220; _builder_version=&#8220;4.6.5&#8243; _dynamic_attributes=&#8220;title,subhead&#8220; background_color=&#8220;#ffffff&#8220; background_image=&#8220;https:\/\/antika-lipovec.si\/wp-content\/uploads\/2020\/10\/antika-lipovec-head-shop.jpg&#8220; background_size=&#8220;contain&#8220; background_position=&#8220;bottom_center&#8220; custom_margin=&#8220;0px||||false|false&#8220; custom_margin_tablet=&#8220;&#8220; custom_margin_phone=&#8220;0px||||false|false&#8220; custom_margin_last_edited=&#8220;on|phone&#8220; custom_padding=&#8220;72px||11px||false|false&#8220;][\/et_pb_fullwidth_header][\/et_pb_section][et_pb_section fb_built=&#8220;1&#8243; _builder_version=&#8220;3.22&#8243;][et_pb_row column_structure=&#8220;3_5,2_5&#8243; _builder_version=&#8220;4.4.8&#8243; background_size=&#8220;initial&#8220; background_position=&#8220;top_left&#8220; background_repeat=&#8220;repeat&#8220; custom_padding=&#8220;64px||64px||true|false&#8220;][et_pb_column type=&#8220;3_5&#8243; _builder_version=&#8220;3.25&#8243; custom_padding=&#8220;|||&#8220; custom_padding__hover=&#8220;|||&#8220;][et_pb_text _builder_version=&#8220;4.7.7&#8243; background_size=&#8220;initial&#8220; background_position=&#8220;top_left&#8220; background_repeat=&#8220;repeat&#8220; custom_margin=&#8220;||||false|false&#8220; custom_margin_tablet=&#8220;&#8220; custom_margin_phone=&#8220;-84px||||false|false&#8220; custom_margin_last_edited=&#8220;on|phone&#8220; custom_padding=&#8220;||||false|false&#8220; hover_enabled=&#8220;0&#8243; sticky_enabled=&#8220;0&#8243;]<\/p>\n\r\n\t\t<div class=\"pcdfwoo-product-cat-wrp pcdfwoo_woocommerce design-1 \">\r\n\t\t\t<div class=\"pcdfwoo-product-cat pcdfwoo-clearfix\">\r\n\t\t\t\t\t\t\t\t\t<div class=\"pcdfwoo-medium-2 pcdfwoo-columns\">\r\n\t\t\t\t\t\t<div class=\"pcdfwoo-product-cat_inner\" style=\"height:300px;\">\r\n\t\t\t\t\t\t\t<a href=\"https:\/\/antika-lipovec.si\/de\/ponudba\/antikes\/rrestaurierte-moebel-und-lampen\/\">\r\n\t\t\t\t\t\t\t\t\t\t\t\t\t\t\t\t\t<img decoding=\"async\"  src=\"https:\/\/antika-lipovec.si\/wp-content\/uploads\/2020\/09\/vitrina-ad1-768x807.jpg\" alt=\"Restaurierte M\u00f6bel und Lampen\" \/>\r\n\t\t\t\t\t\t\t\t\t\t\t\t\t\t\t\t<div class=\"pcdfwoo_title\">Restaurierte M\u00f6bel und Lampen <span class=\"pcdfwoo_count\">60<\/span><\/div>\r\n\t\t\t\t\t\t\t<\/a>\r\n\t\t\t\t\t\t<\/div>\r\n\t\t\t\t\t<\/div>\r\n\t\t\t\t\t\t\t\t\t<div class=\"pcdfwoo-medium-2 pcdfwoo-columns\">\r\n\t\t\t\t\t\t<div class=\"pcdfwoo-product-cat_inner\" style=\"height:300px;\">\r\n\t\t\t\t\t\t\t<a href=\"https:\/\/antika-lipovec.si\/de\/ponudba\/der-rest\/\">\r\n\t\t\t\t\t\t\t\t\t\t\t\t\t\t\t\t\t<img decoding=\"async\"  src=\"https:\/\/antika-lipovec.si\/wp-content\/uploads\/2024\/05\/blago9-768x512.jpg\" alt=\"Der Rest\" \/>\r\n\t\t\t\t\t\t\t\t\t\t\t\t\t\t\t\t<div class=\"pcdfwoo_title\">Der Rest <span class=\"pcdfwoo_count\">1<\/span><\/div>\r\n\t\t\t\t\t\t\t<\/a>\r\n\t\t\t\t\t\t<\/div>\r\n\t\t\t\t\t<\/div>\r\n\t\t\t\t\t\t\t\t\t<div class=\"pcdfwoo-medium-2 pcdfwoo-columns\">\r\n\t\t\t\t\t\t<div class=\"pcdfwoo-product-cat_inner\" style=\"height:300px;\">\r\n\t\t\t\t\t\t\t<a href=\"https:\/\/antika-lipovec.si\/de\/ponudba\/der-rest\/geschenkgutschein\/\">\r\n\t\t\t\t\t\t\t\t\t\t\t\t\t\t\t\t\t<img decoding=\"async\"  src=\"https:\/\/antika-lipovec.si\/wp-content\/uploads\/2023\/02\/darilni-bon-b-768x378.jpg\" alt=\"Geschenkgutschein\" \/>\r\n\t\t\t\t\t\t\t\t\t\t\t\t\t\t\t\t<div class=\"pcdfwoo_title\">Geschenkgutschein <span class=\"pcdfwoo_count\">1<\/span><\/div>\r\n\t\t\t\t\t\t\t<\/a>\r\n\t\t\t\t\t\t<\/div>\r\n\t\t\t\t\t<\/div>\r\n\t\t\t\t\t\t\t\t\t<div class=\"pcdfwoo-medium-2 pcdfwoo-columns\">\r\n\t\t\t\t\t\t<div class=\"pcdfwoo-product-cat_inner\" style=\"height:300px;\">\r\n\t\t\t\t\t\t\t<a href=\"https:\/\/antika-lipovec.si\/de\/ponudba\/kunstwerke\/kunstwerke-slowenische-kuenstler\/\">\r\n\t\t\t\t\t\t\t\t\t\t\t\t\t\t\t\t\t<img decoding=\"async\"  src=\"https:\/\/antika-lipovec.si\/wp-content\/uploads\/2026\/02\/stupica1.jpg\" alt=\"Slowenische und ausl\u00e4ndische Kunst\" \/>\r\n\t\t\t\t\t\t\t\t\t\t\t\t\t\t\t\t<div class=\"pcdfwoo_title\">Slowenische und ausl\u00e4ndische Kunst <span class=\"pcdfwoo_count\">31<\/span><\/div>\r\n\t\t\t\t\t\t\t<\/a>\r\n\t\t\t\t\t\t<\/div>\r\n\t\t\t\t\t<\/div>\r\n\t\t\t\t\t\t\t\t\t<div class=\"pcdfwoo-medium-2 pcdfwoo-columns\">\r\n\t\t\t\t\t\t<div class=\"pcdfwoo-product-cat_inner\" style=\"height:300px;\">\r\n\t\t\t\t\t\t\t<a href=\"https:\/\/antika-lipovec.si\/de\/ponudba\/antikes\/sonst\/\">\r\n\t\t\t\t\t\t\t\t\t\t\t\t\t\t\t\t\t<img decoding=\"async\"  src=\"https:\/\/antika-lipovec.si\/wp-content\/uploads\/2022\/09\/crnilnik6-768x556.jpg\" alt=\"Uhren und Dekorationsartikel\" \/>\r\n\t\t\t\t\t\t\t\t\t\t\t\t\t\t\t\t<div class=\"pcdfwoo_title\">Uhren und Dekorationsartikel <span class=\"pcdfwoo_count\">24<\/span><\/div>\r\n\t\t\t\t\t\t\t<\/a>\r\n\t\t\t\t\t\t<\/div>\r\n\t\t\t\t\t<\/div>\r\n\t\t\t\t\t\t\t\t\t<div class=\"pcdfwoo-medium-2 pcdfwoo-columns\">\r\n\t\t\t\t\t\t<div class=\"pcdfwoo-product-cat_inner\" style=\"height:300px;\">\r\n\t\t\t\t\t\t\t<a href=\"https:\/\/antika-lipovec.si\/de\/ponudba\/kunstwerke\/\">\r\n\t\t\t\t\t\t\t\t\t\t\t\t\t\t\t\t\t<img decoding=\"async\"  src=\"https:\/\/antika-lipovec.si\/wp-content\/uploads\/2020\/10\/skulptura-tihec-768x1024.jpg\" alt=\"Kunstwerke\" \/>\r\n\t\t\t\t\t\t\t\t\t\t\t\t\t\t\t\t<div class=\"pcdfwoo_title\">Kunstwerke <span class=\"pcdfwoo_count\">55<\/span><\/div>\r\n\t\t\t\t\t\t\t<\/a>\r\n\t\t\t\t\t\t<\/div>\r\n\t\t\t\t\t<\/div>\r\n\t\t\t\t\t\t\t<\/div>\r\n\t\t<\/div>\r\n\t\n<p>[\/et_pb_text][et_pb_button button_url=&#8220;@ET-DC@eyJkeW5hbWljIjp0cnVlLCJjb250ZW50IjoicG9zdF9saW5rX3VybF9wYWdlIiwic2V0dGluZ3MiOnsicG9zdF9pZCI6IjU3MCJ9fQ==@&#8220; button_text=&#8220;Vollst\u00e4ndiges Angebot&#8220; button_alignment=&#8220;center&#8220; _builder_version=&#8220;4.5.0&#8243; _dynamic_attributes=&#8220;button_url&#8220; _module_preset=&#8220;default&#8220; custom_button=&#8220;on&#8220; button_icon=&#8220;%%20%%&#8220; button_on_hover=&#8220;off&#8220; custom_margin=&#8220;||||false|false&#8220; custom_padding=&#8220;|64px||44px|false|false&#8220; custom_css_main_element=&#8220;margin-top:44px&#8220;][\/et_pb_button][\/et_pb_column][et_pb_column type=&#8220;2_5&#8243; _builder_version=&#8220;3.25&#8243; custom_padding=&#8220;|||&#8220; custom_padding__hover=&#8220;|||&#8220;][et_pb_text _builder_version=&#8220;4.5.6&#8243; _module_preset=&#8220;default&#8220; text_font=&#8220;||on||||||&#8220; custom_margin=&#8220;14px||||false|false&#8220;]<\/p>\n<h3>Toma\u017e Lipovec<\/h3>\n<p>B\u00fcrgerliche M\u00f6bel im Nordosten Sloweniens vom 16. bis Anfang des 20. Jahrhunderts.<\/p>\n<p>[\/et_pb_text][et_pb_image src=&#8220;https:\/\/antika-lipovec.si\/wp-content\/uploads\/2020\/07\/mescansko-pohistvo-antikvitete-lipovec.jpg&#8220; title_text=&#8220;b\u00fcrgerliche-M\u00f6bel-antikvitete-lipovec &#8220; url=&#8220;@ET-DC@eyJkeW5hbWljIjp0cnVlLCJjb250ZW50IjoicG9zdF9saW5rX3VybF9wcm9kdWN0Iiwic2V0dGluZ3MiOnsicG9zdF9pZCI6IjU0NzIifX0=@&#8220; admin_label=&#8220;Knjiga s povezavo za nakup v trgovini&#8220; _builder_version=&#8220;4.5.0&#8243; _dynamic_attributes=&#8220;url&#8220; _module_preset=&#8220;default&#8220; width__hover_enabled=&#8220;on|hover&#8220; width__hover=&#8220;&#8220;][\/et_pb_image][et_pb_text _builder_version=&#8220;4.5.0&#8243; _module_preset=&#8220;default&#8220; text_font=&#8220;||on||||||&#8220;]<\/p>\n<p>Das Buch wird Ihnen helfen, die M\u00f6belstile zu erkennen, die auf dem Territorium der heutigen SV Slowenien erschienen: Renaissance, Barock, Klassizismus, Biedermeier, Historismus und Jugendstil.<\/p>\n<p style=\"text-align: right\">Toma\u017e Lipovec<\/p>\n<p>[\/et_pb_text][et_pb_button button_url=&#8220;@ET-DC@eyJkeW5hbWljIjp0cnVlLCJjb250ZW50IjoicG9zdF9saW5rX3VybF9wcm9kdWN0Iiwic2V0dGluZ3MiOnsicG9zdF9pZCI6IjU0NzIifX0=@&#8220; button_text=&#8220;Mehr \u00fcber das buch&#8220; button_alignment=&#8220;center&#8220; admin_label=&#8220;Ve\u010d o knjigi&#8220; _builder_version=&#8220;4.5.0&#8243; _dynamic_attributes=&#8220;button_url&#8220; _module_preset=&#8220;default&#8220; custom_button=&#8220;on&#8220; custom_padding=&#8220;|54px||44px|false|false&#8220;][\/et_pb_button][\/et_pb_column][\/et_pb_row][\/et_pb_section]<\/p>\n","protected":false},"excerpt":{"rendered":"<p>\r\n\t\t<div class=\"pcdfwoo-product-cat-wrp pcdfwoo_woocommerce design-1 \">\r\n\t\t\t<div class=\"pcdfwoo-product-cat pcdfwoo-clearfix\">\r\n\t\t\t\t\t\t\t\t\t<div class=\"pcdfwoo-medium-2 pcdfwoo-columns\">\r\n\t\t\t\t\t\t<div class=\"pcdfwoo-product-cat_inner\" style=\"height:300px;\">\r\n\t\t\t\t\t\t\t<a href=\"https:\/\/antika-lipovec.si\/de\/ponudba\/antikes\/rrestaurierte-moebel-und-lampen\/\">\r\n\t\t\t\t\t\t\t\t\t\t\t\t\t\t\t\t\t<img decoding=\"async\"  src=\"https:\/\/antika-lipovec.si\/wp-content\/uploads\/2020\/09\/vitrina-ad1-768x807.jpg\" alt=\"Restaurierte M\u00f6bel und Lampen\" \/>\r\n\t\t\t\t\t\t\t\t\t\t\t\t\t\t\t\t<div class=\"pcdfwoo_title\">Restaurierte M\u00f6bel und Lampen <span class=\"pcdfwoo_count\">60<\/span><\/div>\r\n\t\t\t\t\t\t\t<\/a>\r\n\t\t\t\t\t\t<\/div>\r\n\t\t\t\t\t<\/div>\r\n\t\t\t\t\t\t\t\t\t<div class=\"pcdfwoo-medium-2 pcdfwoo-columns\">\r\n\t\t\t\t\t\t<div class=\"pcdfwoo-product-cat_inner\" style=\"height:300px;\">\r\n\t\t\t\t\t\t\t<a href=\"https:\/\/antika-lipovec.si\/de\/ponudba\/der-rest\/\">\r\n\t\t\t\t\t\t\t\t\t\t\t\t\t\t\t\t\t<img decoding=\"async\"  src=\"https:\/\/antika-lipovec.si\/wp-content\/uploads\/2024\/05\/blago9-768x512.jpg\" alt=\"Der Rest\" \/>\r\n\t\t\t\t\t\t\t\t\t\t\t\t\t\t\t\t<div class=\"pcdfwoo_title\">Der Rest <span class=\"pcdfwoo_count\">1<\/span><\/div>\r\n\t\t\t\t\t\t\t<\/a>\r\n\t\t\t\t\t\t<\/div>\r\n\t\t\t\t\t<\/div>\r\n\t\t\t\t\t\t\t\t\t<div class=\"pcdfwoo-medium-2 pcdfwoo-columns\">\r\n\t\t\t\t\t\t<div class=\"pcdfwoo-product-cat_inner\" style=\"height:300px;\">\r\n\t\t\t\t\t\t\t<a href=\"https:\/\/antika-lipovec.si\/de\/ponudba\/der-rest\/geschenkgutschein\/\">\r\n\t\t\t\t\t\t\t\t\t\t\t\t\t\t\t\t\t<img decoding=\"async\"  src=\"https:\/\/antika-lipovec.si\/wp-content\/uploads\/2023\/02\/darilni-bon-b-768x378.jpg\" alt=\"Geschenkgutschein\" \/>\r\n\t\t\t\t\t\t\t\t\t\t\t\t\t\t\t\t<div class=\"pcdfwoo_title\">Geschenkgutschein <span class=\"pcdfwoo_count\">1<\/span><\/div>\r\n\t\t\t\t\t\t\t<\/a>\r\n\t\t\t\t\t\t<\/div>\r\n\t\t\t\t\t<\/div>\r\n\t\t\t\t\t\t\t\t\t<div class=\"pcdfwoo-medium-2 pcdfwoo-columns\">\r\n\t\t\t\t\t\t<div class=\"pcdfwoo-product-cat_inner\" style=\"height:300px;\">\r\n\t\t\t\t\t\t\t<a href=\"https:\/\/antika-lipovec.si\/de\/ponudba\/kunstwerke\/kunstwerke-slowenische-kuenstler\/\">\r\n\t\t\t\t\t\t\t\t\t\t\t\t\t\t\t\t\t<img decoding=\"async\"  src=\"https:\/\/antika-lipovec.si\/wp-content\/uploads\/2026\/02\/stupica1.jpg\" alt=\"Slowenische und ausl\u00e4ndische Kunst\" \/>\r\n\t\t\t\t\t\t\t\t\t\t\t\t\t\t\t\t<div class=\"pcdfwoo_title\">Slowenische und ausl\u00e4ndische Kunst <span class=\"pcdfwoo_count\">31<\/span><\/div>\r\n\t\t\t\t\t\t\t<\/a>\r\n\t\t\t\t\t\t<\/div>\r\n\t\t\t\t\t<\/div>\r\n\t\t\t\t\t\t\t\t\t<div class=\"pcdfwoo-medium-2 pcdfwoo-columns\">\r\n\t\t\t\t\t\t<div class=\"pcdfwoo-product-cat_inner\" style=\"height:300px;\">\r\n\t\t\t\t\t\t\t<a href=\"https:\/\/antika-lipovec.si\/de\/ponudba\/antikes\/sonst\/\">\r\n\t\t\t\t\t\t\t\t\t\t\t\t\t\t\t\t\t<img decoding=\"async\"  src=\"https:\/\/antika-lipovec.si\/wp-content\/uploads\/2022\/09\/crnilnik6-768x556.jpg\" alt=\"Uhren und Dekorationsartikel\" \/>\r\n\t\t\t\t\t\t\t\t\t\t\t\t\t\t\t\t<div class=\"pcdfwoo_title\">Uhren und Dekorationsartikel <span class=\"pcdfwoo_count\">24<\/span><\/div>\r\n\t\t\t\t\t\t\t<\/a>\r\n\t\t\t\t\t\t<\/div>\r\n\t\t\t\t\t<\/div>\r\n\t\t\t\t\t\t\t\t\t<div class=\"pcdfwoo-medium-2 pcdfwoo-columns\">\r\n\t\t\t\t\t\t<div class=\"pcdfwoo-product-cat_inner\" style=\"height:300px;\">\r\n\t\t\t\t\t\t\t<a href=\"https:\/\/antika-lipovec.si\/de\/ponudba\/kunstwerke\/\">\r\n\t\t\t\t\t\t\t\t\t\t\t\t\t\t\t\t\t<img decoding=\"async\"  src=\"https:\/\/antika-lipovec.si\/wp-content\/uploads\/2020\/10\/skulptura-tihec-768x1024.jpg\" alt=\"Kunstwerke\" \/>\r\n\t\t\t\t\t\t\t\t\t\t\t\t\t\t\t\t<div class=\"pcdfwoo_title\">Kunstwerke <span class=\"pcdfwoo_count\">55<\/span><\/div>\r\n\t\t\t\t\t\t\t<\/a>\r\n\t\t\t\t\t\t<\/div>\r\n\t\t\t\t\t<\/div>\r\n\t\t\t\t\t\t\t<\/div>\r\n\t\t<\/div>\r\n\t Toma\u017e Lipovec B\u00fcrgerliche M\u00f6bel im Nordosten Sloweniens vom 16. bis Anfang des 20. Jahrhunderts.Das Buch wird Ihnen helfen, die M\u00f6belstile zu erkennen, die auf dem Territorium der heutigen SV Slowenien erschienen: Renaissance, Barock, Klassizismus, Biedermeier, Historismus und Jugendstil. Toma\u017e Lipovec<\/p>\n","protected":false},"author":1,"featured_media":0,"parent":0,"menu_order":505,"comment_status":"closed","ping_status":"closed","template":"","meta":{"_et_pb_use_builder":"on","_et_pb_old_content":"","_et_gb_content_width":"","footnotes":""},"class_list":["post-9656","page","type-page","status-publish","hentry"],"_links":{"self":[{"href":"https:\/\/antika-lipovec.si\/de\/wp-json\/wp\/v2\/pages\/9656","targetHints":{"allow":["GET"]}}],"collection":[{"href":"https:\/\/antika-lipovec.si\/de\/wp-json\/wp\/v2\/pages"}],"about":[{"href":"https:\/\/antika-lipovec.si\/de\/wp-json\/wp\/v2\/types\/page"}],"author":[{"embeddable":true,"href":"https:\/\/antika-lipovec.si\/de\/wp-json\/wp\/v2\/users\/1"}],"replies":[{"embeddable":true,"href":"https:\/\/antika-lipovec.si\/de\/wp-json\/wp\/v2\/comments?post=9656"}],"version-history":[{"count":2,"href":"https:\/\/antika-lipovec.si\/de\/wp-json\/wp\/v2\/pages\/9656\/revisions"}],"predecessor-version":[{"id":9658,"href":"https:\/\/antika-lipovec.si\/de\/wp-json\/wp\/v2\/pages\/9656\/revisions\/9658"}],"wp:attachment":[{"href":"https:\/\/antika-lipovec.si\/de\/wp-json\/wp\/v2\/media?parent=9656"}],"curies":[{"name":"wp","href":"https:\/\/api.w.org\/{rel}","templated":true}]}}