{"id":9651,"date":"2023-02-24T12:06:19","date_gmt":"2023-02-24T12:06:19","guid":{"rendered":"https:\/\/antika-lipovec.si\/ambiente-schaffen\/"},"modified":"2023-02-24T12:06:19","modified_gmt":"2023-02-24T12:06:19","slug":"ambiente-schaffen","status":"publish","type":"page","link":"https:\/\/antika-lipovec.si\/de\/ambiente-schaffen\/","title":{"rendered":"Ambiente schaffen"},"content":{"rendered":"<p>Die Inneneinrichtung ist ein wichtiger Bestandteil jedes Zuhauses und auch der Grund, warum wir unser Zuhause lieben und uns darin wohlf\u00fchlen.<\/p>\n<p><strong>Antiquit\u00e4ten und Kunstwerke machen jede Ambiente interessanter und verleihen ihr viel Charakter.<\/strong> Wenn Sie ein modernes Zuhause haben, kann es eine Herausforderung sein, Antiquit\u00e4ten mit dem Rest der Inneneinrichtung zu kombinieren. Seien Sie schon beim Kauf kreativ, vor allem aber bei der Platzierung der Antiquit\u00e4t im Ambiente.<\/p>\n<p>Scheuen Sie sich nicht vor dem Mixed-but-matched-Prinzip \u2013 <strong>modernes Interieur und Antiquit\u00e4ten geh\u00f6ren zusammen<\/strong>. Sei mutig und tapfer! Schaffen Sie ein atemberaubendes Interieur und eine warme Atmosph\u00e4re. Wir helfen Ihnen gerne dabei&#8230;<\/p>\n<p><strong>Kostbare antike M\u00f6bel und Kunstwerke werden in renommierten Verkaufsgalerien gekauft!<\/strong> Unsere Mitarbeiter helfen Ihnen, ein Objekt (M\u00f6bel, Kronleuchter, Spiegel, Kunstbild,&#8230;) f\u00fcr Ihr Ambiente zu finden, das perfekt passt erg\u00e4nzen die Inneneinrichtung, die Sie bereits zu Hause haben. <strong>Gleichzeitig garantieren wir, dass jeder Artikel seinen Preis wert ist.<\/strong> Dass er echt, original, sorgf\u00e4ltig und fachm\u00e4nnisch restauriert ist&#8230;.<\/p>\n<p><strong>Auch die Natur wird es Ihnen danken&#8230;<\/strong> Indem Sie Objekte verwenden, die vor Ihnen bereits einen anderen Besitzer hatten,<br \/>\nSie <span class=\"tlid-translation\">hauchen etwas, das vor 50 oder 300 Jahren geschaffen wurde, neues Leben ein. <\/span><\/p>\n<p>Beispiele f\u00fcr m\u00f6blierte Umgebungen: Direktorenb\u00fcro und Herrenhaus in Oplotnica, aus der ersten H\u00e4lfte des 17. Jahrhunderts (1. Stock, gewidmet den protokollarischen Aktivit\u00e4ten der Gemeinde Oplotnica, genannt &#8222;Piano Nobile&#8220;).<\/p>\n<p><img decoding=\"async\" class=\"alignnone size-medium wp-image-476\" src=\"https:\/\/antika-lipovec.si\/wp-content\/uploads\/2020\/06\/direktorska-pisarna-1-300x225.jpg\" alt=\"\" width=\"300\" height=\"225\" \/> \u00a0 <img decoding=\"async\" class=\"alignnone size-medium wp-image-506\" src=\"https:\/\/antika-lipovec.si\/wp-content\/uploads\/2020\/06\/poslovni-prostor-2-225x300.jpg\" alt=\"\" width=\"225\" height=\"300\" srcset=\"https:\/\/antika-lipovec.si\/wp-content\/uploads\/2020\/06\/poslovni-prostor-2-225x300.jpg 225w, https:\/\/antika-lipovec.si\/wp-content\/uploads\/2020\/06\/poslovni-prostor-2-300x400.jpg 300w, https:\/\/antika-lipovec.si\/wp-content\/uploads\/2020\/06\/poslovni-prostor-2.jpg 318w\" sizes=\"(max-width: 225px) 100vw, 225px\" \/> \u00a0 <img decoding=\"async\" class=\"alignnone size-medium wp-image-503\" src=\"https:\/\/antika-lipovec.si\/wp-content\/uploads\/2020\/06\/poslovni-prostor-1-300x225.jpg\" alt=\"\" width=\"300\" height=\"225\" \/> \u00a0 <img decoding=\"async\" class=\"alignnone size-medium wp-image-509\" src=\"https:\/\/antika-lipovec.si\/wp-content\/uploads\/2020\/06\/poslovni-prostor-3-142x300.jpg\" alt=\"\" width=\"142\" height=\"300\" srcset=\"https:\/\/antika-lipovec.si\/wp-content\/uploads\/2020\/06\/poslovni-prostor-3-142x300.jpg 142w, https:\/\/antika-lipovec.si\/wp-content\/uploads\/2020\/06\/poslovni-prostor-3.jpg 200w\" sizes=\"(max-width: 142px) 100vw, 142px\" \/> <img decoding=\"async\" class=\"alignnone size-medium wp-image-500\" src=\"https:\/\/antika-lipovec.si\/wp-content\/uploads\/2020\/06\/oplotnica-6-225x300.jpg\" alt=\"\" width=\"225\" height=\"300\" srcset=\"https:\/\/antika-lipovec.si\/wp-content\/uploads\/2020\/06\/oplotnica-6-225x300.jpg 225w, https:\/\/antika-lipovec.si\/wp-content\/uploads\/2020\/06\/oplotnica-6-300x400.jpg 300w, https:\/\/antika-lipovec.si\/wp-content\/uploads\/2020\/06\/oplotnica-6.jpg 318w\" sizes=\"(max-width: 225px) 100vw, 225px\" \/> \u00a0 <img decoding=\"async\" class=\"alignnone size-medium wp-image-497\" src=\"https:\/\/antika-lipovec.si\/wp-content\/uploads\/2020\/06\/oplotnica-5-300x225.jpg\" alt=\"\" width=\"300\" height=\"225\" \/> \u00a0 <img decoding=\"async\" class=\"alignnone size-medium wp-image-494\" src=\"https:\/\/antika-lipovec.si\/wp-content\/uploads\/2020\/06\/oplotnica-4-225x300.jpg\" alt=\"\" width=\"225\" height=\"300\" srcset=\"https:\/\/antika-lipovec.si\/wp-content\/uploads\/2020\/06\/oplotnica-4-225x300.jpg 225w, https:\/\/antika-lipovec.si\/wp-content\/uploads\/2020\/06\/oplotnica-4-300x400.jpg 300w, https:\/\/antika-lipovec.si\/wp-content\/uploads\/2020\/06\/oplotnica-4.jpg 318w\" sizes=\"(max-width: 225px) 100vw, 225px\" \/> \u00a0 <img decoding=\"async\" class=\"alignnone size-medium wp-image-491\" src=\"https:\/\/antika-lipovec.si\/wp-content\/uploads\/2020\/06\/oplotnica-3-225x300.jpg\" alt=\"\" width=\"225\" height=\"300\" srcset=\"https:\/\/antika-lipovec.si\/wp-content\/uploads\/2020\/06\/oplotnica-3-225x300.jpg 225w, https:\/\/antika-lipovec.si\/wp-content\/uploads\/2020\/06\/oplotnica-3-300x400.jpg 300w, https:\/\/antika-lipovec.si\/wp-content\/uploads\/2020\/06\/oplotnica-3.jpg 318w\" sizes=\"(max-width: 225px) 100vw, 225px\" \/> <img decoding=\"async\" class=\"alignnone size-medium wp-image-488\" src=\"https:\/\/antika-lipovec.si\/wp-content\/uploads\/2020\/06\/oplotnica-2-300x225.jpg\" alt=\"\" width=\"300\" height=\"225\" \/> \u00a0 <img decoding=\"async\" class=\"alignnone size-medium wp-image-485\" src=\"https:\/\/antika-lipovec.si\/wp-content\/uploads\/2020\/06\/oplotnica-1-300x225.jpg\" alt=\"\" width=\"300\" height=\"225\" \/> \u00a0 <img decoding=\"async\" class=\"alignnone  wp-image-479\" src=\"https:\/\/antika-lipovec.si\/wp-content\/uploads\/2020\/06\/jedilnica-1-225x300.jpg\" alt=\"\" width=\"225\" height=\"300\" srcset=\"https:\/\/antika-lipovec.si\/wp-content\/uploads\/2020\/06\/jedilnica-1-225x300.jpg 225w, https:\/\/antika-lipovec.si\/wp-content\/uploads\/2020\/06\/jedilnica-1-300x400.jpg 300w, https:\/\/antika-lipovec.si\/wp-content\/uploads\/2020\/06\/jedilnica-1.jpg 318w\" sizes=\"(max-width: 225px) 100vw, 225px\" \/><\/p>\n<p>&nbsp;<\/p>\n","protected":false},"excerpt":{"rendered":"<p>Die Inneneinrichtung ist ein wichtiger Bestandteil jedes Zuhauses und auch der Grund, warum wir unser Zuhause lieben und uns darin wohlf\u00fchlen. Antiquit\u00e4ten und Kunstwerke machen jede Ambiente interessanter und verleihen ihr viel Charakter. Wenn Sie ein modernes Zuhause haben, kann es eine Herausforderung sein, Antiquit\u00e4ten mit dem Rest der Inneneinrichtung zu kombinieren. Seien Sie schon [&hellip;]<\/p>\n","protected":false},"author":1,"featured_media":0,"parent":0,"menu_order":26,"comment_status":"closed","ping_status":"closed","template":"","meta":{"_et_pb_use_builder":"off","_et_pb_old_content":"","_et_gb_content_width":"","footnotes":""},"class_list":["post-9651","page","type-page","status-publish","hentry"],"_links":{"self":[{"href":"https:\/\/antika-lipovec.si\/de\/wp-json\/wp\/v2\/pages\/9651","targetHints":{"allow":["GET"]}}],"collection":[{"href":"https:\/\/antika-lipovec.si\/de\/wp-json\/wp\/v2\/pages"}],"about":[{"href":"https:\/\/antika-lipovec.si\/de\/wp-json\/wp\/v2\/types\/page"}],"author":[{"embeddable":true,"href":"https:\/\/antika-lipovec.si\/de\/wp-json\/wp\/v2\/users\/1"}],"replies":[{"embeddable":true,"href":"https:\/\/antika-lipovec.si\/de\/wp-json\/wp\/v2\/comments?post=9651"}],"version-history":[{"count":0,"href":"https:\/\/antika-lipovec.si\/de\/wp-json\/wp\/v2\/pages\/9651\/revisions"}],"wp:attachment":[{"href":"https:\/\/antika-lipovec.si\/de\/wp-json\/wp\/v2\/media?parent=9651"}],"curies":[{"name":"wp","href":"https:\/\/api.w.org\/{rel}","templated":true}]}}