{"id":9645,"date":"2023-02-23T11:43:51","date_gmt":"2023-02-23T11:43:51","guid":{"rendered":"https:\/\/antika-lipovec.si\/gerichtliche-schaetzungen-und-gutachten\/"},"modified":"2023-02-23T11:43:51","modified_gmt":"2023-02-23T11:43:51","slug":"gerichtliche-schaetzungen-und-gutachten","status":"publish","type":"page","link":"https:\/\/antika-lipovec.si\/de\/gerichtliche-schaetzungen-und-gutachten\/","title":{"rendered":"Gerichtliche Sch\u00e4tzungen und Gutachten"},"content":{"rendered":"<p>Wenn Sie Zweifel an Alter, Herkunft und Wert der M\u00f6bel und anderen Objekten der angewandten Kunst haben (wann und in welchem \u200b\u200bStil sie hergestellt wurden, Verwendung von Baumarten, bauliche Eigenschaften, Materialien, Holzverarbeitung,..), k\u00f6nnen Sie uns kontaktieren (aufgrund von Verkauf, Kauf, Erbschaft, Versicherung).<\/p>\n<p><strong>Forensischer Gutachter und Sachverst\u00e4ndiger f\u00fcr angewandte Kunst \u2013 M\u00f6bel, Toma\u017e Lipovec,<\/strong> erstellt ein Gutachten bzw Expertenmeinung auf der Grundlage der Besichtigung Ihrer Gegenst\u00e4nde.<\/p>\n<p>Oder wir k\u00f6nnen eine <strong>&#8222;Fern-Bewertung&#8220;<\/strong> machen. Senden Sie Fotos der Artikel an <a href=\"info@antika-lipovec.si\">info@antika-lipovec.si.<\/a> Nach dem Bezahlen f\u00fcr das Bewertungsgutachten in H\u00f6he von 36,60 EUR (22% MwSt. sind im Preis inbegriffen) an die Transaktionskontonummer: SI56 0400 1005 0175 567 erhalten Sie innerhalb von 3 Tagen ein Bewertungsgutachten an Ihre E-Mail-Adresse. Der Preis gilt f\u00fcr die Bewertung von bis zu 3 Objekten. <strong>Eine &#8222;Fern&#8220;-Bewertung ist keine offizielle Bewertung<\/strong>. Zur amtlichen Wertermittlung und Einholung eines schriftlichen Gutachtens ist eine Besichtigung der Objekte erforderlich.<\/p>\n<p><img decoding=\"async\" class=\"alignnone size-medium wp-image-6122\" src=\"https:\/\/antika-lipovec.si\/wp-content\/uploads\/2020\/08\/toma\u017e7-300x200.jpg\" alt=\"\" width= \"300\" H\u00f6he=\"200\" srcset=\"https:\/\/antika-lipovec.si\/wp-content\/uploads\/2020\/08\/toma\u017e7-300x200.jpg 300w, https:\/\/antika-lipovec.si\/wp-content\/uploads\/2020\/08\/toma\u017e7-600x400.jpg 600w, https:\/\/antika-lipovec.si\/wp-content\/uploads\/2020\/08\/toma\u017e7-1024x683.jpg 1024w, https:\/\/antika-lipovec.si\/wp-content\/uploads\/2020\/08\/toma\u017e7-768x512.jpg 768w, https:\/\/antika-lipovec.si\/wp-content\/uploads\/2020\/08\/toma\u017e7-1536x1024.jpg 1536w, https:\/\/antika-lipovec.si\/wp-content\/uploads\/2020\/08\/toma\u017e7-1080x720.jpg 1080w, https:\/\/antika-lipovec.si\/wp-content\/uploads\/2020\/08\/toma\u017e7-1280x853.jpg 1280w, https:\/\/antika-lipovec.si\/wp-content\/uploads\/2020\/08\/toma\u017e7-980x653.jpg 980w, https:\/\/antika-lipovec.si\/wp-content\/uploads\/2020\/08\/toma\u017e7-480x320.jpg 480w, https:\/\/antika-lipovec.si\/wp-content\/uploads\/2020\/08\/toma\u017e7.jpg 1920w\" sizes=\"(max-width: 300px) 100vw, 300px\" \/><\/p>\n","protected":false},"excerpt":{"rendered":"<p>Wenn Sie Zweifel an Alter, Herkunft und Wert der M\u00f6bel und anderen Objekten der angewandten Kunst haben (wann und in welchem \u200b\u200bStil sie hergestellt wurden, Verwendung von Baumarten, bauliche Eigenschaften, Materialien, Holzverarbeitung,..), k\u00f6nnen Sie uns kontaktieren (aufgrund von Verkauf, Kauf, Erbschaft, Versicherung). Forensischer Gutachter und Sachverst\u00e4ndiger f\u00fcr angewandte Kunst \u2013 M\u00f6bel, Toma\u017e Lipovec, erstellt ein [&hellip;]<\/p>\n","protected":false},"author":1,"featured_media":0,"parent":0,"menu_order":24,"comment_status":"closed","ping_status":"closed","template":"","meta":{"_et_pb_use_builder":"","_et_pb_old_content":"","_et_gb_content_width":"","footnotes":""},"class_list":["post-9645","page","type-page","status-publish","hentry"],"_links":{"self":[{"href":"https:\/\/antika-lipovec.si\/de\/wp-json\/wp\/v2\/pages\/9645","targetHints":{"allow":["GET"]}}],"collection":[{"href":"https:\/\/antika-lipovec.si\/de\/wp-json\/wp\/v2\/pages"}],"about":[{"href":"https:\/\/antika-lipovec.si\/de\/wp-json\/wp\/v2\/types\/page"}],"author":[{"embeddable":true,"href":"https:\/\/antika-lipovec.si\/de\/wp-json\/wp\/v2\/users\/1"}],"replies":[{"embeddable":true,"href":"https:\/\/antika-lipovec.si\/de\/wp-json\/wp\/v2\/comments?post=9645"}],"version-history":[{"count":0,"href":"https:\/\/antika-lipovec.si\/de\/wp-json\/wp\/v2\/pages\/9645\/revisions"}],"wp:attachment":[{"href":"https:\/\/antika-lipovec.si\/de\/wp-json\/wp\/v2\/media?parent=9645"}],"curies":[{"name":"wp","href":"https:\/\/api.w.org\/{rel}","templated":true}]}}