{"id":534,"date":"2020-06-09T06:50:48","date_gmt":"2020-06-09T06:50:48","guid":{"rendered":"https:\/\/antika-lipovec.si\/ueber-uns\/antikes-lipovec-ueber-uns\/"},"modified":"2023-02-24T10:59:04","modified_gmt":"2023-02-24T10:59:04","slug":"antikes-lipovec","status":"publish","type":"page","link":"https:\/\/antika-lipovec.si\/de\/ueber-uns\/antikes-lipovec\/","title":{"rendered":"Antiquit\u00e4ten Lipovec"},"content":{"rendered":"<p><strong>Antiquit\u00e4ten Lipovec<\/strong><\/p>\n<ul>\n<li>An- und Verkauf von hochwertigen b\u00fcrgerlichen M\u00f6beln, Designerprodukten, Dekorationsobjekten und Kunstwerken aus verschiedenen Epochen (vom 15. bis Mitte des 20. Jahrhunderts)<\/li>\n<li>Professionelle Restaurierung von antiken M\u00f6beln und Holzobjekten<\/li>\n<li>Gerichtliche Bewertungen und Gutachten<\/li>\n<li>Beratung und Einrichtung von Wohn- und Gesch\u00e4ftsr\u00e4umen (Repr\u00e4sentanzen, B\u00fcros, Restaurants&#8230;)<\/li>\n<\/ul>\n<p>Die Verkaufsgalerie Antikvitete Lipovec hat ihre T\u00e4tigkeit im Jahr 1991 aufgenommen. Das ausgew\u00e4hlte Warensortiment, qualitativ hochwertiger Service, professionelles und zuverl\u00e4ssiges Personal, langj\u00e4hrige Erfahrung, Ehrlichkeit und ethische Einstellung &#8230; sind die Vorteile, die gesch\u00e4tzte Kunden uns vertrauen und uns in einem vergleichbaren Angebot zu den f\u00fchrenden in Slowenien z\u00e4hlen.<\/p>\n<p><strong>ARBEITSZEITEN: <strong> Montag &#8211; Freitag: 9:30 &#8211; 13:00 und 16:00 &#8211; 18:00, Samstag: 9:30 &#8211; 12:00.<\/p>\n<p>Wir stehen Ihnen jederzeit zur Verf\u00fcgung:<\/p>\n<ul>\n<li>Toma\u017e Lipovec, Ingenieur f\u00fcr Holzwirtschaft, Restaurator und Konservator, <strong>Forensischer Gutachter und Sachverst\u00e4ndiger f\u00fcr angewandte Kunst<\/strong>: 041 613 213<\/li>\n<li>Tanja Lipovec, Prokurator, Dipl.-Kffr.: 02 250 18 03, 041 285 416<\/li>\n<\/ul>\n<p>oder senden Sie uns eine E-Mail an <a href=\"mailto:info@antika-lipovec.si\">info@antika-lipovec.si<\/a><\/p>\n<p><strong>Fachwissen, Erfahrung und Ehrlichkeit sind die Grundlage unseres Gesch\u00e4fts!<\/strong><\/p>\n","protected":false},"excerpt":{"rendered":"<p>Antiquit\u00e4ten Lipovec An- und Verkauf von hochwertigen b\u00fcrgerlichen M\u00f6beln, Designerprodukten, Dekorationsobjekten und Kunstwerken aus verschiedenen Epochen (vom 15. bis Mitte des 20. Jahrhunderts) Professionelle Restaurierung von antiken M\u00f6beln und Holzobjekten Gerichtliche Bewertungen und Gutachten Beratung und Einrichtung von Wohn- und Gesch\u00e4ftsr\u00e4umen (Repr\u00e4sentanzen, B\u00fcros, Restaurants&#8230;) Die Verkaufsgalerie Antikvitete Lipovec hat ihre T\u00e4tigkeit im Jahr 1991 aufgenommen. [&hellip;]<\/p>\n","protected":false},"author":1,"featured_media":6107,"parent":533,"menu_order":0,"comment_status":"closed","ping_status":"closed","template":"","meta":{"_et_pb_use_builder":"off","_et_pb_old_content":"","_et_gb_content_width":"","footnotes":""},"class_list":["post-534","page","type-page","status-publish","has-post-thumbnail","hentry"],"_links":{"self":[{"href":"https:\/\/antika-lipovec.si\/de\/wp-json\/wp\/v2\/pages\/534","targetHints":{"allow":["GET"]}}],"collection":[{"href":"https:\/\/antika-lipovec.si\/de\/wp-json\/wp\/v2\/pages"}],"about":[{"href":"https:\/\/antika-lipovec.si\/de\/wp-json\/wp\/v2\/types\/page"}],"author":[{"embeddable":true,"href":"https:\/\/antika-lipovec.si\/de\/wp-json\/wp\/v2\/users\/1"}],"replies":[{"embeddable":true,"href":"https:\/\/antika-lipovec.si\/de\/wp-json\/wp\/v2\/comments?post=534"}],"version-history":[{"count":1,"href":"https:\/\/antika-lipovec.si\/de\/wp-json\/wp\/v2\/pages\/534\/revisions"}],"predecessor-version":[{"id":9648,"href":"https:\/\/antika-lipovec.si\/de\/wp-json\/wp\/v2\/pages\/534\/revisions\/9648"}],"up":[{"embeddable":true,"href":"https:\/\/antika-lipovec.si\/de\/wp-json\/wp\/v2\/pages\/533"}],"wp:featuredmedia":[{"embeddable":true,"href":"https:\/\/antika-lipovec.si\/de\/wp-json\/wp\/v2\/media\/6107"}],"wp:attachment":[{"href":"https:\/\/antika-lipovec.si\/de\/wp-json\/wp\/v2\/media?parent=534"}],"curies":[{"name":"wp","href":"https:\/\/api.w.org\/{rel}","templated":true}]}}