{"id":43,"date":"2020-06-05T15:23:05","date_gmt":"2020-06-05T15:23:05","guid":{"rendered":"https:\/\/antika-lipovec.si\/erste-seite\/"},"modified":"2023-03-10T15:16:39","modified_gmt":"2023-03-10T15:16:39","slug":"willkommen","status":"publish","type":"page","link":"https:\/\/antika-lipovec.si\/de\/","title":{"rendered":"Willkommen"},"content":{"rendered":"<p>[et_pb_section fb_built=&#8220;1&#8243; fullwidth=&#8220;on&#8220; disabled_on=&#8220;on|off|off&#8220; _builder_version=&#8220;4.16&#8243; global_colors_info=&#8220;{}&#8220;][et_pb_fullwidth_slider _builder_version=&#8220;4.16&#8243; height=&#8220;90vh&#8220; height_tablet=&#8220;90vh&#8220; height_phone=&#8220;80vh&#8220; height_last_edited=&#8220;on|phone&#8220; custom_padding=&#8220;12%||||false|false&#8220; custom_padding_tablet=&#8220;&#8220; custom_padding_phone=&#8220;&#8220; custom_padding_last_edited=&#8220;on|desktop&#8220; auto=&#8220;on&#8220; auto_speed=&#8220;5000&#8243; global_colors_info=&#8220;{}&#8220;][et_pb_slide button_text=&#8220;Neues Angebot&#8220; button_link=&#8220;https:\/\/antika-lipovec.si\/ponudba-izdelkov\/&#8220; use_bg_overlay=&#8220;off&#8220; admin_title=&#8220;Trgovina &#8211; zunanjost&#8220; _builder_version=&#8220;4.16&#8243; background_enable_color=&#8220;off&#8220; background_image=&#8220;https:\/\/antika-lipovec.si\/wp-content\/uploads\/2020\/10\/slider-zunaj.jpg&#8220; background_enable_image=&#8220;on&#8220; background_size=&#8220;contain&#8220; custom_button=&#8220;on&#8220; button_text_size=&#8220;2vw&#8220; button_bg_color=&#8220;rgba(0,0,0,0.34)&#8220; button_border_width=&#8220;1px&#8220; button_border_color=&#8220;#ffffff&#8220; button_use_icon=&#8220;on&#8220; button_icon=&#8220;&#xe046;||divi||400&#8243; button_icon_color=&#8220;#ffffff&#8220; button_alignment=&#8220;center&#8220; button_custom_padding=&#8220;|104px||84px|false|false&#8220; custom_padding_tablet=&#8220;&#8220; custom_padding_phone=&#8220;|14px||14px|false|true&#8220; custom_padding_last_edited=&#8220;on|phone&#8220; link_option_url=&#8220;https:\/\/antika-lipovec.si\/ponudba-izdelkov\/&#8220; button_text_size_tablet=&#8220;&#8220; button_text_size_phone=&#8220;5vw&#8220; button_text_size_last_edited=&#8220;on|phone&#8220; button_border_width_last_edited=&#8220;off|desktop&#8220; global_colors_info=&#8220;{}&#8220; button_bg_color__hover_enabled=&#8220;on|hover&#8220; button_bg_color__hover=&#8220;rgba(0,0,0,0.7)&#8220; button_bg_enable_color__hover=&#8220;on&#8220; button_border_width__hover_enabled=&#8220;on|hover&#8220; button_border_width__hover=&#8220;1px&#8220; sticky_transition=&#8220;on&#8220;][\/et_pb_slide][et_pb_slide button_text=&#8220;Neues Angebot&#8220; button_link=&#8220;#novaponudba&#8220; use_bg_overlay=&#8220;off&#8220; admin_title=&#8220;Trgovina &#8211; notranjost&#8220; _builder_version=&#8220;4.16&#8243; background_enable_color=&#8220;off&#8220; background_image=&#8220;https:\/\/antika-lipovec.si\/wp-content\/uploads\/2020\/10\/slider-notranjost.jpg&#8220; background_enable_image=&#8220;on&#8220; background_size=&#8220;contain&#8220; background_position=&#8220;top_center&#8220; custom_button=&#8220;on&#8220; button_text_size=&#8220;2vw&#8220; button_bg_color=&#8220;rgba(0,0,0,0.34)&#8220; button_border_width=&#8220;1px&#8220; button_border_color=&#8220;#ffffff&#8220; button_use_icon=&#8220;on&#8220; button_icon=&#8220;&#xe046;||divi||400&#8243; button_icon_color=&#8220;#ffffff&#8220; button_alignment=&#8220;center&#8220; button_custom_padding=&#8220;|104px||84px|false|false&#8220; link_option_url=&#8220;#novaponudba&#8220; button_text_size_tablet=&#8220;&#8220; button_text_size_phone=&#8220;5vw&#8220; button_text_size_last_edited=&#8220;on|phone&#8220; global_colors_info=&#8220;{}&#8220; button_bg_color__hover=&#8220;rgba(0,0,0,0.55)&#8220; button_bg_color__hover_enabled=&#8220;on|hover&#8220; button_border_width__hover_enabled=&#8220;on|hover&#8220; button_bg_enable_color__hover=&#8220;on&#8220; button_border_width__hover=&#8220;1px&#8220; sticky_transition=&#8220;on&#8220;][\/et_pb_slide][\/et_pb_fullwidth_slider][\/et_pb_section][et_pb_section fb_built=&#8220;1&#8243; fullwidth=&#8220;on&#8220; disabled_on=&#8220;off|on|on&#8220; _builder_version=&#8220;4.16&#8243; global_colors_info=&#8220;{}&#8220;][et_pb_fullwidth_slider show_arrows_tablet=&#8220;&#8220; show_arrows_phone=&#8220;on&#8220; show_arrows_last_edited=&#8220;on|phone&#8220; show_pagination_tablet=&#8220;&#8220; show_pagination_phone=&#8220;off&#8220; show_pagination_last_edited=&#8220;on|phone&#8220; _builder_version=&#8220;4.16&#8243; content_width=&#8220;100%&#8220; content_max_width=&#8220;100%&#8220; min_height_tablet=&#8220;&#8220; min_height_phone=&#8220;&#8220; min_height_last_edited=&#8220;on|phone&#8220; height=&#8220;90vh&#8220; height_tablet=&#8220;90vh&#8220; height_phone=&#8220;214px&#8220; height_last_edited=&#8220;on|phone&#8220; custom_padding=&#8220;13%||||false|false&#8220; custom_padding_tablet=&#8220;&#8220; custom_padding_phone=&#8220;4%||31px||false|false&#8220; custom_padding_last_edited=&#8220;on|desktop&#8220; animation_style=&#8220;fade&#8220; auto=&#8220;on&#8220; auto_speed=&#8220;5000&#8243; global_colors_info=&#8220;{}&#8220;][et_pb_slide button_link=&#8220;https:\/\/antika-lipovec.si\/ponudba-izdelkov\/&#8220; use_bg_overlay=&#8220;off&#8220; admin_title=&#8220;Trgovina &#8211; zunanjost&#8220; _builder_version=&#8220;4.16&#8243; background_enable_color=&#8220;off&#8220; background_image=&#8220;https:\/\/antika-lipovec.si\/wp-content\/uploads\/2020\/10\/slider-zunaj.jpg&#8220; background_enable_image=&#8220;on&#8220; background_size=&#8220;contain&#8220; background_position=&#8220;top_left&#8220; custom_button=&#8220;on&#8220; button_text_size=&#8220;2vw&#8220; button_bg_color=&#8220;rgba(0,0,0,0.34)&#8220; button_border_width=&#8220;1px&#8220; button_border_color=&#8220;#ffffff&#8220; button_use_icon=&#8220;on&#8220; button_icon=&#8220;&#xe046;||divi||400&#8243; button_icon_color=&#8220;#ffffff&#8220; button_alignment=&#8220;center&#8220; button_custom_padding=&#8220;|64px||44px|false|false&#8220; custom_padding_tablet=&#8220;&#8220; custom_padding_phone=&#8220;0px|14px||14px|false|true&#8220; custom_padding_last_edited=&#8220;on|phone&#8220; link_option_url=&#8220;https:\/\/antika-lipovec.si\/ponudba-izdelkov\/&#8220; button_text_size_tablet=&#8220;&#8220; button_text_size_phone=&#8220;4vw&#8220; button_text_size_last_edited=&#8220;on|phone&#8220; button_border_width_last_edited=&#8220;off|desktop&#8220; global_colors_info=&#8220;{}&#8220; button_bg_color__hover_enabled=&#8220;on|hover&#8220; button_bg_color__hover=&#8220;rgba(0,0,0,0.7)&#8220; button_bg_enable_color__hover=&#8220;on&#8220; button_border_width__hover_enabled=&#8220;on|hover&#8220; button_border_width__hover=&#8220;1px&#8220; sticky_transition=&#8220;on&#8220;][\/et_pb_slide][et_pb_slide button_link=&#8220;#novaponudba&#8220; use_bg_overlay=&#8220;off&#8220; admin_title=&#8220;Trgovina &#8211; notranjost&#8220; _builder_version=&#8220;4.16&#8243; background_enable_color=&#8220;off&#8220; background_image=&#8220;https:\/\/antika-lipovec.si\/wp-content\/uploads\/2020\/10\/slider-notranjost.jpg&#8220; background_enable_image=&#8220;on&#8220; background_size=&#8220;contain&#8220; background_position=&#8220;top_left&#8220; custom_button=&#8220;on&#8220; button_text_size=&#8220;2vw&#8220; button_bg_color=&#8220;rgba(0,0,0,0.34)&#8220; button_border_width=&#8220;1px&#8220; button_border_color=&#8220;#ffffff&#8220; button_use_icon=&#8220;on&#8220; button_icon=&#8220;&#xe046;||divi||400&#8243; button_icon_color=&#8220;#ffffff&#8220; button_alignment=&#8220;center&#8220; button_custom_padding=&#8220;|64px||44px|false|false&#8220; custom_padding=&#8220;0px||||false|false&#8220; link_option_url=&#8220;#novaponudba&#8220; button_text_size_tablet=&#8220;&#8220; button_text_size_phone=&#8220;4vw&#8220; button_text_size_last_edited=&#8220;on|phone&#8220; global_colors_info=&#8220;{}&#8220; button_bg_color__hover=&#8220;rgba(0,0,0,0.55)&#8220; button_bg_color__hover_enabled=&#8220;on|hover&#8220; button_border_width__hover_enabled=&#8220;on|hover&#8220; button_bg_enable_color__hover=&#8220;on&#8220; button_border_width__hover=&#8220;1px&#8220; sticky_transition=&#8220;on&#8220;][\/et_pb_slide][\/et_pb_fullwidth_slider][\/et_pb_section][et_pb_section fb_built=&#8220;1&#8243; admin_label=&#8220;NOVO V PONUDBI&#8220; _builder_version=&#8220;4.16&#8243; custom_margin=&#8220;||0px||false|false&#8220; custom_padding=&#8220;4px||0px||false|false&#8220; global_colors_info=&#8220;{}&#8220;][et_pb_row module_id=&#8220;novaponudba&#8220; _builder_version=&#8220;4.16&#8243; custom_margin_tablet=&#8220;&#8220; custom_margin_phone=&#8220;-44px||||false|false&#8220; custom_margin_last_edited=&#8220;on|phone&#8220; custom_padding=&#8220;64px||||false|false&#8220; global_colors_info=&#8220;{}&#8220;][et_pb_column type=&#8220;4_4&#8243; _builder_version=&#8220;4.16&#8243; global_colors_info=&#8220;{}&#8220;][et_pb_text _builder_version=&#8220;4.16&#8243; text_orientation=&#8220;center&#8220; global_colors_info=&#8220;{}&#8220;]<\/p>\n<h1>Neue Produkte<\/h1>\n<p>[\/et_pb_text][et_pb_shop type=&#8220;latest&#8220; icon_hover_color=&#8220;rgba(255,255,255,0.3)&#8220; hover_overlay_color=&#8220;rgba(0,0,0,0.4)&#8220; _builder_version=&#8220;4.16&#8243; rating_text_align=&#8220;left&#8220; border_width_all_image=&#8220;1px&#8220; border_color_all_image=&#8220;#ffffff&#8220; border_radii_image_tablet=&#8220;&#8220; border_radii_image_phone=&#8220;&#8220; border_radii_image_last_edited=&#8220;on|desktop&#8220; box_shadow_style_image=&#8220;preset3&#8243; locked=&#8220;off&#8220; global_colors_info=&#8220;{}&#8220; border_radii_image__hover_enabled=&#8220;on|desktop&#8220;][\/et_pb_shop][et_pb_text _builder_version=&#8220;4.20.2&#8243; text_orientation=&#8220;center&#8220; hover_enabled=&#8220;0&#8243; global_colors_info=&#8220;{}&#8220; sticky_enabled=&#8220;0&#8243;]<\/p>\n<h1>Neuigkeiten\/Interessantes<\/h1>\n<p>[\/et_pb_text][\/et_pb_column][\/et_pb_row][\/et_pb_section][et_pb_section fb_built=&#8220;1&#8243; custom_padding_last_edited=&#8220;on|phone&#8220; admin_label=&#8220;NOVICE&#8220; _builder_version=&#8220;4.16&#8243; custom_margin=&#8220;0px||||false|false&#8220; custom_padding=&#8220;0px||||false|false&#8220; custom_padding_tablet=&#8220;&#8220; custom_padding_phone=&#8220;||0px||false|false&#8220; global_colors_info=&#8220;{}&#8220;][et_pb_row use_custom_gutter=&#8220;on&#8220; _builder_version=&#8220;4.16&#8243; custom_padding=&#8220;||0px||false|false&#8220; global_colors_info=&#8220;{}&#8220;][et_pb_column type=&#8220;4_4&#8243; _builder_version=&#8220;4.16&#8243; global_colors_info=&#8220;{}&#8220;][et_pb_blog fullwidth=&#8220;off&#8220; posts_number=&#8220;3&#8243; include_categories=&#8220;16&#8243; meta_date=&#8220;d.m.Y&#8220; show_more=&#8220;on&#8220; show_author=&#8220;off&#8220; show_date=&#8220;off&#8220; show_categories=&#8220;off&#8220; show_pagination=&#8220;off&#8220; use_overlay=&#8220;on&#8220; overlay_icon_color=&#8220;rgba(255,255,255,0.3)&#8220; hover_overlay_color=&#8220;rgba(0,0,0,0.4)&#8220; _builder_version=&#8220;4.20.2&#8243; header_font=&#8220;Bahnschrift|300|||||||&#8220; header_font_size=&#8220;18px&#8220; header_line_height=&#8220;1.2em&#8220; body_font=&#8220;Bahnschrift|300|||||||&#8220; custom_padding=&#8220;||0px||false|false&#8220; hover_enabled=&#8220;0&#8243; box_shadow_style=&#8220;preset3&#8243; box_shadow_color=&#8220;rgba(0,0,0,0.1)&#8220; global_colors_info=&#8220;{}&#8220; sticky_enabled=&#8220;0&#8243;][\/et_pb_blog][\/et_pb_column][\/et_pb_row][\/et_pb_section][et_pb_section fb_built=&#8220;1&#8243; disabled_on=&#8220;on|on|on&#8220; _builder_version=&#8220;4.16&#8243; _module_preset=&#8220;default&#8220; disabled=&#8220;on&#8220; global_colors_info=&#8220;{}&#8220;][et_pb_row _builder_version=&#8220;4.16&#8243; _module_preset=&#8220;default&#8220; global_colors_info=&#8220;{}&#8220;][et_pb_column type=&#8220;4_4&#8243; _builder_version=&#8220;4.16&#8243; _module_preset=&#8220;default&#8220; global_colors_info=&#8220;{}&#8220;][et_pb_text _builder_version=&#8220;4.16&#8243; _module_preset=&#8220;default&#8220; header_text_align=&#8220;center&#8220; global_colors_info=&#8220;{}&#8220;]<\/p>\n<h1>Brezpla\u010dne e-novice<\/h1>\n<p>[\/et_pb_text][et_pb_signup mailchimp_list=&#8220;Antiquities Lipovec|96228b8adf&#8220; name_field=&#8220;on&#8220; use_custom_fields=&#8220;on&#8220; success_message=&#8220;Hvala &#8211; uspe\u0161no ste se naro\u010dili na prejemanje e-novic&#8220; title=&#8220;\u017delite biti obve\u0161\u010denimi o aktualni ponudbi in novostih  ?&#8220; button_text=&#8220;Daten senden&#8220; description=&#8220;<\/p>\n<p>Vpi\u0161ite va\u0161e ime in e-po\u0161tni naslov ter kliknite na gumb PO\u0160LJI PODATKE.<\/p>\n<p>Poslali boste va\u0161e ime in e-po\u0161tni naslov ter se strinjate, da vam lahko po\u0161iljamo sporo\u010dila o novostih in aktualnih ponudbah. Va\u0161ega e-po\u0161tnega naslova ne bomo posredovali nikomur, kadarkoli pa lahko zahtevate izbris va\u0161ih podatkov in se od prejemanja sporo\u010dil odjavite.<\/p>\n<p>&#8220; use_spam_service=&#8220;on&#8220; recaptcha_list=&#8220;antika-lipovecsi|antika-lipovecsi-0&#8243; module_class=&#8220;mc-name-field-slo&#8220; _builder_version=&#8220;4.16&#8243; _module_preset=&#8220;default&#8220; header_line_height=&#8220;2.5em&#8220; custom_padding=&#8220;34px|34px|34px|34px|true|true&#8220; global_colors_info=&#8220;{}&#8220;][et_pb_signup_custom_field field_id=&#8220;dcf1ab3b60&#8243; field_title=&#8220;Spo\u0161tujemo va\u0161o zasebnost&#8220; field_type=&#8220;checkbox&#8220; checkbox_options=&#8220;%91{%22checked%22:0,%22value%22:%22Prebral sem in se strinjam%22,%22id%22:%225dc8bb5ffc%22,%22dragID%22:-1,%22link_url%22:%22https:\/\/antika-lipovec.si\/privacy-policy\/%22,%22link_text%22:%22z na\u010dinom varovanja podatkov in zasebnostjo%22}%93&#8243; _builder_version=&#8220;4.16&#8243; _module_preset=&#8220;default&#8220; global_colors_info=&#8220;{}&#8220; predefined_field=&#8220;dcf1ab3b60&#8243;][\/et_pb_signup_custom_field][\/et_pb_signup][et_pb_text _builder_version=&#8220;4.16&#8243; text_orientation=&#8220;center&#8220; global_colors_info=&#8220;{}&#8220;]<\/p>\n<h1>Folge uns<\/h1>\n<p>[\/et_pb_text][\/et_pb_column][\/et_pb_row][\/et_pb_section][et_pb_section fb_built=&#8220;1&#8243; custom_padding_last_edited=&#8220;on|phone&#8220; admin_label=&#8220;SOCIALNA OMRE\u017dJA&#8220; _builder_version=&#8220;4.16&#8243; _module_preset=&#8220;default&#8220; custom_padding_tablet=&#8220;&#8220; custom_padding_phone=&#8220;0px||0px||false|false&#8220; global_colors_info=&#8220;{}&#8220;][et_pb_row column_structure=&#8220;1_4,1_4,1_4,1_4&#8243; _builder_version=&#8220;4.16&#8243; _module_preset=&#8220;default&#8220; custom_padding=&#8220;24px||24px||true|false&#8220; global_colors_info=&#8220;{}&#8220;][et_pb_column type=&#8220;1_4&#8243; _builder_version=&#8220;4.16&#8243; _module_preset=&#8220;default&#8220; global_colors_info=&#8220;{}&#8220;][\/et_pb_column][et_pb_column type=&#8220;1_4&#8243; _builder_version=&#8220;4.16&#8243; _module_preset=&#8220;default&#8220; global_colors_info=&#8220;{}&#8220;][et_pb_blurb url=&#8220;https:\/\/www.facebook.com\/starinarna.si\/&#8220; url_new_window=&#8220;on&#8220; use_icon=&#8220;on&#8220; font_icon=&#8220;&#xe093;||divi||400&#8243; icon_color=&#8220;#ffffff&#8220; image_icon_background_color=&#8220;#3B5998&#8243; image_icon_width=&#8220;48px&#8220; _builder_version=&#8220;4.16&#8243; _module_preset=&#8220;default&#8220; background_color=&#8220;rgba(0,0,0,0)&#8220; image_icon_custom_padding=&#8220;25px|25px|25px|25px|false|false&#8220; custom_padding=&#8220;||||false|false&#8220; link_option_url=&#8220;https:\/\/www.facebook.com\/starinarna.si\/&#8220; link_option_url_new_window=&#8220;on&#8220; border_radii=&#8220;on|360px|360px|360px|360px&#8220; border_width_all=&#8220;7px&#8220; border_color_all=&#8220;#ffffff&#8220; border_radii_image=&#8220;on|100%|100%|100%|100%&#8220; use_circle=&#8220;on&#8220; circle_color=&#8220;#3B5998&#8243; global_colors_info=&#8220;{}&#8220; image_icon_background_color__sticky_enabled=&#8220;rgba(1,40,0,0.62)&#8220; image_icon_background_color__sticky=&#8220;rgba(1,40,0,0.62)&#8220;][\/et_pb_blurb][\/et_pb_column][et_pb_column type=&#8220;1_4&#8243; _builder_version=&#8220;4.16&#8243; _module_preset=&#8220;default&#8220; global_colors_info=&#8220;{}&#8220;][et_pb_blurb url=&#8220;https:\/\/www.instagram.com\/antikalipovec\/&#8220; url_new_window=&#8220;on&#8220; use_icon=&#8220;on&#8220; font_icon=&#8220;&#xe09a;||divi||400&#8243; icon_color=&#8220;#ffffff&#8220; image_icon_background_color=&#8220;#f68529&#8243; image_icon_width=&#8220;48px&#8220; _builder_version=&#8220;4.16&#8243; _module_preset=&#8220;default&#8220; background_color=&#8220;rgba(0,0,0,0)&#8220; image_icon_custom_padding=&#8220;25px|25px|25px|25px|false|false&#8220; custom_padding=&#8220;||||false|false&#8220; link_option_url=&#8220;https:\/\/www.instagram.com\/antikalipovec\/&#8220; link_option_url_new_window=&#8220;on&#8220; border_radii=&#8220;on|360px|360px|360px|360px&#8220; border_width_all=&#8220;7px&#8220; border_color_all=&#8220;#ffffff&#8220; border_radii_image=&#8220;on|100%|100%|100%|100%&#8220; use_circle=&#8220;on&#8220; circle_color=&#8220;#f68529&#8243; global_colors_info=&#8220;{}&#8220; image_icon_background_color__sticky_enabled=&#8220;rgba(1,40,0,0.62)&#8220; image_icon_background_color__sticky=&#8220;rgba(1,40,0,0.62)&#8220;][\/et_pb_blurb][\/et_pb_column][et_pb_column type=&#8220;1_4&#8243; _builder_version=&#8220;4.16&#8243; _module_preset=&#8220;default&#8220; global_colors_info=&#8220;{}&#8220;][\/et_pb_column][\/et_pb_row][\/et_pb_section][et_pb_section fb_built=&#8220;1&#8243; specialty=&#8220;on&#8220; disabled_on=&#8220;on|on|on&#8220; _builder_version=&#8220;4.16&#8243; disabled=&#8220;on&#8220; global_colors_info=&#8220;{}&#8220;][et_pb_column type=&#8220;1_2&#8243; _builder_version=&#8220;4.16&#8243; custom_padding=&#8220;|||&#8220; global_colors_info=&#8220;{}&#8220; custom_padding__hover=&#8220;|||&#8220;][et_pb_text _builder_version=&#8220;4.16&#8243; global_colors_info=&#8220;{}&#8220;]Bewertung und Expertenmeinungen &#8222;aus der Ferne&#8220;[\/et_pb_text][et_pb_text _builder_version=&#8220;4.16&#8243; global_colors_info=&#8220;{}&#8220;]<\/p>\n<div class=\"content_right_line\">\n<p><strong>Cenitvena in\u00a0 izvedeni\u0161ka mnenja na daljavo za samo 20,00 Eur + ddv!<\/strong><\/p>\n<\/div>\n<div class=\"content_right_line\">\n<p>\u010ce ste ob prodaji, nakupu, dedovanju, zavarovanju, &#8230; starinskega pohi\u0161tva v dvomih glede starosti pohi\u0161tva (kdaj in v katerem slogu je bilo izdelano, uporaba drevesnih vrst, konstrukcijske\u00a0 zna\u010dilnosti, materiali, obdelava lesa,..),\u00a0 porekla in vrednosti starinskega pohi\u0161tva&#8230;. , po\u0161ljite fotografijo na na\u0161 elektronski naslov.<\/p>\n<\/div>\n<p>[\/et_pb_text][et_pb_button button_url=&#8220;mailto:info@antika-lipovec.si&#8220; url_new_window=&#8220;on&#8220; button_text=&#8220;info@antika-lipovec.si&#8220; admin_label=&#8220;info@antika-lipovec.si&#8220; _builder_version=&#8220;4.16&#8243; global_colors_info=&#8220;{}&#8220;][\/et_pb_button][\/et_pb_column][et_pb_column type=&#8220;1_2&#8243; specialty_columns=&#8220;2&#8243; _builder_version=&#8220;4.16&#8243; custom_padding=&#8220;|||&#8220; global_colors_info=&#8220;{}&#8220; custom_padding__hover=&#8220;|||&#8220;][et_pb_row_inner _builder_version=&#8220;4.16&#8243; global_colors_info=&#8220;{}&#8220;][et_pb_column_inner saved_specialty_column_type=&#8220;1_2&#8243; _builder_version=&#8220;4.16&#8243; global_colors_info=&#8220;{}&#8220;][et_pb_blurb title=&#8220;Cenitev na daljavo&#8220; admin_label=&#8220;Cenitev na daljavo&#8220; _builder_version=&#8220;4.16&#8243; global_colors_info=&#8220;{}&#8220;]<\/p>\n<p>Po pla\u010dilu cenitvenega mnenja, v vi\u0161ini 24,40EUR (22 % DDV je v ceni), na transakcijski ra\u010dun \u0161tev: 05100-8010300519, boste na va\u0161 elektronski naslov prejeli cenitveno mnenje sodnega cenilca in izvedenca za uporabno umetnost, g. Lipovec Toma\u017ea.<\/p>\n<p>Cena velja za cenitev do 3-eh predmetov.<\/p>\n<p><strong>Cenitev &#8222;na daljavo&#8220; ni uradna cenitev<\/strong>. Za uradno cenitev in pridobitev pisnega mnenja je potreben ogled predmetov.<\/p>\n<p>[\/et_pb_blurb][\/et_pb_column_inner][\/et_pb_row_inner][\/et_pb_column][\/et_pb_section]<\/p>\n","protected":false},"excerpt":{"rendered":"<p>Neue ProdukteNeuigkeiten\/InteressantesBrezpla\u010dne e-noviceFolge unsBewertung und Expertenmeinungen &#8222;aus der Ferne&#8220; Cenitvena in\u00a0 izvedeni\u0161ka mnenja na daljavo za samo 20,00 Eur + ddv! \u010ce ste ob prodaji, nakupu, dedovanju, zavarovanju, &#8230; starinskega pohi\u0161tva v dvomih glede starosti pohi\u0161tva (kdaj in v katerem slogu je bilo izdelano, uporaba drevesnih vrst, konstrukcijske\u00a0 zna\u010dilnosti, materiali, obdelava lesa,..),\u00a0 porekla in vrednosti [&hellip;]<\/p>\n","protected":false},"author":1,"featured_media":0,"parent":0,"menu_order":0,"comment_status":"closed","ping_status":"closed","template":"","meta":{"_et_pb_use_builder":"on","_et_pb_old_content":"","_et_gb_content_width":"","footnotes":""},"class_list":["post-43","page","type-page","status-publish","hentry"],"_links":{"self":[{"href":"https:\/\/antika-lipovec.si\/de\/wp-json\/wp\/v2\/pages\/43","targetHints":{"allow":["GET"]}}],"collection":[{"href":"https:\/\/antika-lipovec.si\/de\/wp-json\/wp\/v2\/pages"}],"about":[{"href":"https:\/\/antika-lipovec.si\/de\/wp-json\/wp\/v2\/types\/page"}],"author":[{"embeddable":true,"href":"https:\/\/antika-lipovec.si\/de\/wp-json\/wp\/v2\/users\/1"}],"replies":[{"embeddable":true,"href":"https:\/\/antika-lipovec.si\/de\/wp-json\/wp\/v2\/comments?post=43"}],"version-history":[{"count":7,"href":"https:\/\/antika-lipovec.si\/de\/wp-json\/wp\/v2\/pages\/43\/revisions"}],"predecessor-version":[{"id":11503,"href":"https:\/\/antika-lipovec.si\/de\/wp-json\/wp\/v2\/pages\/43\/revisions\/11503"}],"wp:attachment":[{"href":"https:\/\/antika-lipovec.si\/de\/wp-json\/wp\/v2\/media?parent=43"}],"curies":[{"name":"wp","href":"https:\/\/api.w.org\/{rel}","templated":true}]}}