{"id":3,"date":"2020-06-05T14:18:56","date_gmt":"2020-06-05T14:18:56","guid":{"rendered":"https:\/\/antika-lipovec.si\/?page_id=3"},"modified":"2020-07-20T14:24:28","modified_gmt":"2020-07-20T14:24:28","slug":"privacy-policy","status":"publish","type":"page","link":"https:\/\/antika-lipovec.si\/de\/privacy-policy\/","title":{"rendered":"Varnost in zasebnost"},"content":{"rendered":"<h2>ZBIRANJE PODATKOV, VAROVANJE PODATKOV IN ZASEBNOST<\/h2>\n<h3><\/h3>\n<h3>Katere osebne podatke zbiramo, obdelujemo, hranimo in zakaj<\/h3>\n<p>Obdelujemo in z va\u0161im dovoljenjem hranimo samo osebne podatke, ki nam jih posredujete preko spletnih strani in so navedeni v nadaljevanju. Informacije o storitvah, ki jih uporabljate in kako jih uporabljate na spletni strani zbiramo z uporabo aplikacije Google Analytics. V tem primeru osebne podatke obdeluje podjetje Google. Zbiranje podatkov Google Analytics-a lahko prepre\u010dite tako, da namestite poseben Google-ov dodatek za brskalnik. Ve\u010d na spletni strani <a href=\"https:\/\/tools.google.com\/dlpage\/gaoptout\" target=\"_blank\" rel=\"noopener noreferrer\">https:\/\/tools.google.com\/dlpage\/gaoptout<\/a>.<\/p>\n<p>Ve\u010d o zasebnosti in pogojih Google: <a href=\"https:\/\/policies.google.com\/privacy?hl=sl\" target=\"_blank\" rel=\"noopener noreferrer\">https:\/\/policies.google.com\/privacy?hl=sl<\/a><\/p>\n<h3>Spletna stran \/ spletna trgovina<\/h3>\n<p>Na\u0161o spletno stran oz. spletno trgovino lahko obi\u0161\u010dete in se registrirate ali prijavite kot kupec.<\/p>\n<p>S tem, ko ustvarite svoj uporabni\u0161ki ra\u010dun se z va\u0161im dovoljenjem lahko prijavite\u00a0 tudi na e-novice, s \u010dimer boste od nas prejemali e-novice o novih izdelkih, posebnih ponudbah in popustih.<\/p>\n<p><strong>Prijava na e-novice<\/strong><\/p>\n<p>V teh primerih zbiramo in obdelujemo naslednje podatke:<\/p>\n<ul>\n<li>va\u0161e ime in priimek\u00a0 \u2013 z namenom, da vas lahko pravilno naslovimo,<\/li>\n<li>va\u0161 e-po\u0161tni naslov \u2013 z namenom da vam lahko po\u0161ljemo e-novice,<\/li>\n<\/ul>\n<p><strong>Nakup v spletni trgovini<\/strong><\/p>\n<p>V tem primeru za potrebe opravljanja storitev prodaje zbiramo naslednje podatke:<\/p>\n<ul>\n<li>ime in priimek \u2013 z namenom naslavljanja in izdaje ra\u010dunov<\/li>\n<li>naslov za dostavo \u2013 z namenom izdaje ra\u010dunov in dostave<\/li>\n<li>kontaktno telefonsko \u0161tevilko \u2013 z namenom obve\u0161\u010danja o naro\u010dilu oz. izdelkih, ki jih trenutno ni na zalogi, ali v namene preverjanja naro\u010dila oz. svetovanja<\/li>\n<li>va\u0161 e-po\u0161tni naslov &#8211; z namenom po\u0161iljanja povzetka naro\u010dila, ra\u010duna, obve\u0161\u010danja o naro\u010dilu oz. izdelkih, ki jih trenutno ni na zalogi, ali v namene preverjanja naro\u010dila oz. svetovanja<\/li>\n<li>geslo v \u0161ifrirani obliki \u2013 z namenom va\u0161e prijave ter za potrebe ponastavitve gesla, \u010de ste ga pozabili<\/li>\n<li>druge podatke, ki jih kot uporabnik prostovoljno vnesete v obrazce v spletni trgovini (npr. vnos morebitnih opomb pri oddaji naro\u010dila, vnos sporo\u010dila pri oddaji kontaktnega obrazca).<\/li>\n<\/ul>\n<p>Za pravilnost, popolnost in a\u017eurnost podatkov, ki jih vnesete kot uporabnik oz. kupec ali naro\u010dnik e-novic, ne odgovarjamo. Za varovanje osebnih podatkov ste kot uporabnik odgovorni tudi sami in sicer tako, da poskrbite za varnost svojega uporabni\u0161kega imena in gesla.<\/p>\n<p>Kot uporabnik imate pravico do vpogleda ali popravka osebnih podatkov. Vsi podatki, ki jih hranimo o vas, so dostopni na va\u0161em profilu, kjer jih lahko tudi popravite. Obiskovalci in uporabniki lahko spremembe oz. popravke osebnih podatkov sporo\u010dite tudi na na\u0161 e-po\u0161tni naslov. Uporabniki imate tudi pravico do prenosljivosti podatkov, kar pomeni, da vam mora upravljavec podatke posredovati v strukturirani in ra\u010dunalni\u0161ko berljivi obliki.<\/p>\n<h3>Kako dolgo hranimo va\u0161e osebne podatke<\/h3>\n<p><em><strong>Naro\u010dniki na e-novice<\/strong><\/em><br \/>\nOsebni podatki se shranjujejo, dokler se od prejema e-novic ne odjavite. Od prejemanja novic se lahko odjavite kadarkoli, in sicer tako, da kliknete na Odjava na dnu prejetega sporo\u010dila ali lahko tudi tako, da nam na na\u0161 e-po\u0161tni naslov po\u0161ljete obvestilo z naslovom &#8222;ODJAVA&#8220;.<\/p>\n<p><em><strong>Kupec v spletni trgovini<\/strong><\/em><br \/>\n\u010ce ste uporabnik in ste v spletni trgovini \u017ee kdaj oddali naro\u010dilo, \u010detudi ne prejemate e-novic, prav tako lahko zahtevate izbris svojih podatkov. Va\u0161o \u017eeljo nam sporo\u010dite po elektronski po\u0161ti na na\u0161 e-po\u0161tni naslov.<\/p>\n<p>Za vsa dodatna pojasnila ali vpra\u0161anja smo na voljo po e-po\u0161ti ali telefonu ( obi\u0161\u010dite spletno stran s kontaktnimi podatki ).<\/p>\n<h3 data-wahfont=\"14\">Pi\u0161kotki, varnost in zasebnost<\/h3>\n<p data-wahfont=\"14\">Na spletnih straneh uporabljamo pi\u0161kotke za spremljanje obiskanosti spletnih strani s ciljem izbolj\u0161anja in la\u017ejega brskanja po spletnih straneh.<\/p>\n<p data-wahfont=\"14\"><strong>Kaj je pi\u0161kotek ?<\/strong><\/p>\n<p data-wahfont=\"14\">Pi\u0161kotek je datoteka, ki shrani nastavitve spletnih strani. Prenese se preko brskalnika pri prvem obisku spletne strani in ko se naslednji\u010d vrnete na stran z istega ra\u010dunalnika, tablice ali telefona, lahko brskalnik preveri, ali je pi\u0161kotek z naslovom spletne strani shranjen.<\/p>\n<p data-wahfont=\"14\">Brskalnik uporabi podatke iz pi\u0161kotka ter jih po\u0161lje nazaj na spletno stran. To omogo\u010da spletnim stranem prepoznavanje, \u010de je uporabnik \u017ee obiskal to spletno mesto in pri naprednih aplikacijah se lahko tudi temu ustrezno prilagodijo posamezne nastavitve.<\/p>\n<p data-wahfont=\"14\"><strong>Prednosti pi\u0161kotkov<\/strong><\/p>\n<p data-wahfont=\"14\">Ob uporabi istega ra\u010dunalnika ( tablice ali telefona ) in brskalnika so pi\u0161koti zelo uporabni, saj si lahko na primer zapomnijo va\u0161e nastavitve, pomagajo nam spremljati, kako uporabljate na\u0161e strani in naredijo prikazano vsebino bolj ustrezno va\u0161im potrebam in na\u010dinu brskanja.<\/p>\n<table width=\"100%\">\n<tbody>\n<tr>\n<td width=\"20%\"><strong><em>Ime pi\u0161kotka<\/em><\/strong><\/td>\n<td width=\"46%\"><strong><em>Namen<\/em><\/strong><\/td>\n<td width=\"22%\"><strong><em>Trajanje<\/em><\/strong><\/td>\n<td width=\"6%\"><strong><em>Izvor<\/em><\/strong><\/td>\n<\/tr>\n<tr>\n<td width=\"20%\"><em>PH_HPXY_CHECK<\/em><\/td>\n<td width=\"46%\"><em>Pi\u0161kotek uporablja varnostni sistem za prepre\u010devanje brute foce napadov in ne omogo\u010da identifikacije posameznega uporabnika.<\/em><\/td>\n<td width=\"22%\"><em>Do zaprtja seje<\/em><\/td>\n<td width=\"6%\"><em>antika-lipovec.si<\/em><\/td>\n<\/tr>\n<tr>\n<td width=\"20%\">PHPSESSID<\/td>\n<td width=\"46%\">Pi\u0161kotek omogo\u010da shranjevanje sej med posameznimi zahtevami znotraj sistema za upravljanje z vsebinami.<\/td>\n<td width=\"22%\"><em>Do zaprtja seje<\/em><\/td>\n<td width=\"6%\"><em>antika-lipovec.si<\/em><\/td>\n<\/tr>\n<tr>\n<td width=\"20%\">__utma \u2026 __utmz<\/td>\n<td width=\"46%\">Pi\u0161kotki omogo\u010dajo prikaz Google zemljevidov in klju\u010dnih funkcionalnosti, vklju\u010denih v zemljevide.<\/td>\n<td width=\"22%\"><em>Do 2 leti<\/em><\/td>\n<td width=\"6%\"><em>antika-lipovec.si<\/em><\/td>\n<\/tr>\n<tr>\n<td width=\"20%\">__utma \u2026 __utmd, _ga, _gid<\/td>\n<td width=\"46%\">Pi\u0161kotke nastavi orodje Google Analytics, omogo\u010dajo pa nam, da lahko opazujemo, kako se uporabniki premikajo znotraj na\u0161ih spletnih strani.<\/td>\n<td width=\"22%\"><em>Do 2 leti<\/em><\/td>\n<td width=\"6%\"><em>antika-lipovec.si<\/em><\/td>\n<\/tr>\n<tr>\n<td width=\"20%\">cookie_notice_accepted<\/td>\n<td width=\"46%\">Pi\u0161kotek ohrani informacijo o tem, da se je obiskovalec strinjal z namestitvijo pi\u0161kotkov<\/td>\n<td width=\"22%\"><em>Do 2 leti<\/em><\/td>\n<td width=\"6%\"><em>antika-lipovec.si<\/em><\/td>\n<\/tr>\n<\/tbody>\n<\/table>\n<p data-wahfont=\"14\"><strong>Mo\u017enosti<\/strong><\/p>\n<ul>\n<li style=\"list-style-type: none;\">\n<ul>\n<li>Omogo\u010di namestitev nujnih pi\u0161kotkov ( Privzeto: vedno omogo\u010deni )<\/li>\n<li>Omogo\u010di namestitev pi\u0161kotkov za analitiko ( Privzeto: niso omogo\u010deni )<\/li>\n<li>Omogo\u010di namestitev ostalih pi\u0161kotkov ( Privzeto: niso omgo\u010deni )<\/li>\n<\/ul>\n<\/li>\n<\/ul>\n<p>Strinjam se \u2013 pi\u0161kotki se bodo namestili<\/p>\n<p data-wahfont=\"14\"><strong>Upravljanje in brisanje pi\u0161kotkov<\/strong><\/p>\n<p data-wahfont=\"14\">\u010ce \u017eelite spremeniti na\u010din uporabe pi\u0161kotkov v brskalniku, vklju\u010dno z blokiranjem ali izbrisom, lahko to storite z ustrezno spremembo nastavitev brskalnika.<\/p>\n<p data-wahfont=\"14\">Za upravljanje pi\u0161kotkov vam ve\u010dina brskalnikov omogo\u010da, da sprejmete ali zavrnete vse pi\u0161kotke, sprejmete samo dolo\u010deno vrsto pi\u0161kotkov ali pa vas opozori, da stran \u017eeli shraniti pi\u0161kotek.<\/p>\n<p data-wahfont=\"14\">Pi\u0161kotke, ki jih je brskalnik shranil, lahko enostavno izbri\u0161ete.<\/p>\n<p data-wahfont=\"14\">Postopek za upravljanje in brisanje pi\u0161kotkov se razlikuje od brskalnika do brskalnika. \u010ce pri tem potrebujete pomo\u010d, lahko pogledate v brskalnikovi pomo\u010di uporabnikom.<\/p>\n<p data-wahfont=\"14\"><strong>Pomo\u010d pri upravljanju pi\u0161kotkov <\/strong><\/p>\n<ul>\n<li data-wahfont=\"14\">Brskalnik Google Chrome: <a href=\"https:\/\/support.google.com\/chrome\/answer\/95647?co=GENIE.Platform%3DDesktop&amp;hl=sl\" target=\"_blank\" rel=\"noopener noreferrer\">https:\/\/support.google.com\/chrome\/answer\/95647?co=GENIE.Platform%3DDesktop&amp;hl=sl<\/a><\/li>\n<li data-wahfont=\"14\">Brskalnik Microsoft Edge: <a href=\"https:\/\/support.microsoft.com\/sl-si\/help\/17442\/windows-internet-explorer-delete-manage-cookies\" target=\"_blank\" rel=\"noopener noreferrer\">https:\/\/support.microsoft.com\/sl-si\/help\/17442\/windows-internet-explorer-delete-manage-cookies<\/a><\/li>\n<li data-wahfont=\"14\">Brskalnik Opera: <a href=\"https:\/\/blogs.opera.com\/news\/2015\/08\/how-to-manage-cookies-in-opera\/\" target=\"_blank\" rel=\"noopener noreferrer\">https:\/\/blogs.opera.com\/news\/2015\/08\/how-to-manage-cookies-in-opera\/<\/a><\/li>\n<li data-wahfont=\"14\">Brskalnik Safari: <a href=\"https:\/\/support.apple.com\/sl-si\/guide\/safari\/sfri11471\/mac\" target=\"_blank\" rel=\"noopener noreferrer\">https:\/\/support.apple.com\/sl-si\/guide\/safari\/sfri11471\/mac<\/a><\/li>\n<\/ul>\n<p>&nbsp;<\/p>\n<h3 style=\"text-align: center;\">Spo\u0161tujemo va\u0161o zasebnost !<\/h3>\n<p>&nbsp;<\/p>\n","protected":false},"excerpt":{"rendered":"<p>ZBIRANJE PODATKOV, VAROVANJE PODATKOV IN ZASEBNOST Katere osebne podatke zbiramo, obdelujemo, hranimo in zakaj Obdelujemo in z va\u0161im dovoljenjem hranimo samo osebne podatke, ki nam jih posredujete preko spletnih strani in so navedeni v nadaljevanju. Informacije o storitvah, ki jih uporabljate in kako jih uporabljate na spletni strani zbiramo z uporabo aplikacije Google Analytics. V [&hellip;]<\/p>\n","protected":false},"author":1,"featured_media":0,"parent":0,"menu_order":1000,"comment_status":"closed","ping_status":"closed","template":"","meta":{"_et_pb_use_builder":"","_et_pb_old_content":"","_et_gb_content_width":"","footnotes":""},"class_list":["post-3","page","type-page","status-publish","hentry"],"_links":{"self":[{"href":"https:\/\/antika-lipovec.si\/de\/wp-json\/wp\/v2\/pages\/3","targetHints":{"allow":["GET"]}}],"collection":[{"href":"https:\/\/antika-lipovec.si\/de\/wp-json\/wp\/v2\/pages"}],"about":[{"href":"https:\/\/antika-lipovec.si\/de\/wp-json\/wp\/v2\/types\/page"}],"author":[{"embeddable":true,"href":"https:\/\/antika-lipovec.si\/de\/wp-json\/wp\/v2\/users\/1"}],"replies":[{"embeddable":true,"href":"https:\/\/antika-lipovec.si\/de\/wp-json\/wp\/v2\/comments?post=3"}],"version-history":[{"count":0,"href":"https:\/\/antika-lipovec.si\/de\/wp-json\/wp\/v2\/pages\/3\/revisions"}],"wp:attachment":[{"href":"https:\/\/antika-lipovec.si\/de\/wp-json\/wp\/v2\/media?parent=3"}],"curies":[{"name":"wp","href":"https:\/\/api.w.org\/{rel}","templated":true}]}}