{"id":262,"date":"2020-06-08T07:59:59","date_gmt":"2020-06-08T07:59:59","guid":{"rendered":"https:\/\/antika-lipovec.si\/restaurationswerkstatt\/"},"modified":"2023-03-07T09:49:40","modified_gmt":"2023-03-07T09:49:40","slug":"restaurationswerkstatt","status":"publish","type":"page","link":"https:\/\/antika-lipovec.si\/de\/restaurationswerkstatt\/","title":{"rendered":"Restaurierungswerkstatt"},"content":{"rendered":"<p>In unserem eigenen Restaurierungsatelier bieten wir die fachgerechte Restaurierung von antiken M\u00f6beln und anderen Holzgegenst\u00e4nden (Baum\u00f6bel, Uhren, Spiegel, &#8230;) mit originalen Holzoberfl\u00e4chenbehandlungsverfahren an.<\/p>\n<p>Wir sind das einzige private Restaurierungsatelier mit Fachpr\u00fcfung f\u00fcr Besch\u00e4ftigte im Bereich Denkmalschutz (Konservierung-Restaurierung) beim Kulturministerium.<\/p>\n<p>Als Mitglieder des Verbands der Restauratoren Sloweniens sind wir verpflichtet, unsere Arbeit gewissenhaft, professionell und im Einklang mit dem Berufsethos auszuf\u00fchren.<\/p>\n<p><strong>Leiter der Restaurierungswerkstatt:<\/strong> Toma\u017e Lipovec, Holzbearbeitungsingenieur, Konservator-Restaurator, forensischer Sachverst\u00e4ndiger und Gutachter f\u00fcr angewandte Kunst<\/p>\n<p><strong>Restaurierungsatelier Lipovec<\/strong><br \/>\nObrtna cona Ho\u010de<br \/>\nBohova 78, 2311 Ho\u010de<\/p>\n<p>Telefon: 00386 (0)41 613 213<\/p>\n<p>Sie sind herzlich eingeladen, sich das Video anzusehen:<\/p>\n<p><iframe loading=\"lazy\" title=\"Antikvitete Lipovec - Restavratorstvo\" width=\"1080\" height=\"810\" src=\"https:\/\/www.youtube.com\/embed\/_nfWAF_H-tw?feature=oembed\"  allow=\"accelerometer; autoplay; clipboard-write; encrypted-media; gyroscope; picture-in-picture; web-share\" allowfullscreen><\/iframe><\/p>\n","protected":false},"excerpt":{"rendered":"<p>In unserem eigenen Restaurierungsatelier bieten wir die fachgerechte Restaurierung von antiken M\u00f6beln und anderen Holzgegenst\u00e4nden (Baum\u00f6bel, Uhren, Spiegel, &#8230;) mit originalen Holzoberfl\u00e4chenbehandlungsverfahren an. Wir sind das einzige private Restaurierungsatelier mit Fachpr\u00fcfung f\u00fcr Besch\u00e4ftigte im Bereich Denkmalschutz (Konservierung-Restaurierung) beim Kulturministerium. Als Mitglieder des Verbands der Restauratoren Sloweniens sind wir verpflichtet, unsere Arbeit gewissenhaft, professionell und im [&hellip;]<\/p>\n","protected":false},"author":1,"featured_media":290,"parent":0,"menu_order":22,"comment_status":"closed","ping_status":"closed","template":"","meta":{"_et_pb_use_builder":"off","_et_pb_old_content":"","_et_gb_content_width":"","footnotes":""},"class_list":["post-262","page","type-page","status-publish","has-post-thumbnail","hentry"],"_links":{"self":[{"href":"https:\/\/antika-lipovec.si\/de\/wp-json\/wp\/v2\/pages\/262","targetHints":{"allow":["GET"]}}],"collection":[{"href":"https:\/\/antika-lipovec.si\/de\/wp-json\/wp\/v2\/pages"}],"about":[{"href":"https:\/\/antika-lipovec.si\/de\/wp-json\/wp\/v2\/types\/page"}],"author":[{"embeddable":true,"href":"https:\/\/antika-lipovec.si\/de\/wp-json\/wp\/v2\/users\/1"}],"replies":[{"embeddable":true,"href":"https:\/\/antika-lipovec.si\/de\/wp-json\/wp\/v2\/comments?post=262"}],"version-history":[{"count":4,"href":"https:\/\/antika-lipovec.si\/de\/wp-json\/wp\/v2\/pages\/262\/revisions"}],"predecessor-version":[{"id":11287,"href":"https:\/\/antika-lipovec.si\/de\/wp-json\/wp\/v2\/pages\/262\/revisions\/11287"}],"wp:featuredmedia":[{"embeddable":true,"href":"https:\/\/antika-lipovec.si\/de\/wp-json\/wp\/v2\/media\/290"}],"wp:attachment":[{"href":"https:\/\/antika-lipovec.si\/de\/wp-json\/wp\/v2\/media?parent=262"}],"curies":[{"name":"wp","href":"https:\/\/api.w.org\/{rel}","templated":true}]}}