{"id":11427,"date":"2023-03-09T10:34:36","date_gmt":"2023-03-09T10:34:36","guid":{"rendered":"https:\/\/antika-lipovec.si\/allgemeine-geschaeftsbedingungen\/"},"modified":"2023-03-09T10:34:36","modified_gmt":"2023-03-09T10:34:36","slug":"allgemeine-geschaeftsbedingungen","status":"publish","type":"page","link":"https:\/\/antika-lipovec.si\/de\/allgemeine-geschaeftsbedingungen\/","title":{"rendered":"Allgemeine Gesch\u00e4ftsbedingungen"},"content":{"rendered":"<p>Splo\u0161ni pogoji poslovanja spletne trgovine Antikvitete Lipovec<\/p>\n<p>Splo\u0161ni pogoji spletne prodajalne so sestavljeni v skladu z Zakonom o varstvu potro\u0161nikov (ZVPot), Zakonom o varstvu osebnih podatkov (ZVOP-1),\u00a0Splo\u0161no uredbo EU o varstvu podatkov ter Zakonom o elektronskih komunikacijah (ZEKom-1).<\/p>\n<p>S spletno trgovino (v nadaljevanju tudi \u00bbspletna trgovina\u00ab) upravlja podjetje Antikvitete Lipovec trgovina na drobno, Toma\u017e Lipovec s.p., Titova cesta 2A, 2000 Maribor, mati\u010dna \u0161tevilka: 5348135000, dav\u010dna \u0161tevilka: SI118331637, ki je tudi ponudnik storitev e-poslovanja (v nadaljevanju tudi prodajalec ali Antikvitete Lipovec).<\/p>\n<p>Splo\u0161ni pogoji poslovanja dolo\u010dajo delovanje spletne trgovine, pravice in obveznosti uporabnika in spletne trgovine ter urejajo poslovni odnos med spletno trgovino in kupcem.<\/p>\n<p>Kupca zavezujejo splo\u0161ni pogoji, ki so veljavni v trenutku nakupa (oddaje spletnega naro\u010dila). Uporabnik je ob oddaji naro\u010dila vsaki\u010d posebej opozorjen na splo\u0161ne pogoje poslovanja in z oddajo naro\u010dila potrdi svojo seznanjenost z njimi.<\/p>\n<p>Vrste uporabnikov:\u00a0 Obiskovalec in uporabnik<\/p>\n<p>Obiskovalec spletnega portala je vsaka oseba, ki obi\u0161\u010de spleti\u0161\u010de antika-lipovec.si, pa ni nujno registrirana kot uporabnik spletnega portala. Uporabnik spletnega portala je oseba, ki se je za uporabo spleti\u0161\u010da registrirala na spleti\u0161\u010du antika-lipovec.si in je pridobila uporabni\u0161ko ime in geslo za uporabo spleti\u0161\u010da.<\/p>\n<p>Nakup artiklov v spletni trgovini je mogo\u010d brez registracije in vpisa v spletno trgovino na www.antika-lipovec.si<\/p>\n<p>Dostopnost informacij<\/p>\n<p>Antikvitete Lipovec se zavezuje, da bo kupcu \u0161e preden ga zavezuje pogodba ali ponudba, zagotovil naslednje informacije:<\/p>\n<p>&#8211; podatke o podjetju Antikvitete Lipovec (ime in sede\u017e podjetja, mati\u010dna \u0161tevilka),<br \/>\n&#8211; kontaktne podatke, ki uporabniku omogo\u010dajo hitro in u\u010dinkovito komunikacijo (e-po\u0161ta, telefon),<br \/>\n&#8211; bistvene lastnosti artiklov,<br \/>\n&#8211; pogoje dostave artiklov (ter na\u010din, kraj in rok dostave),<br \/>\n&#8211; cene, ki morajo biti jasno in nedvoumno dolo\u010dene in razvidno mora biti prikazano, ali \u017ee vsebujejo davke in stro\u0161ke prevoza in druge dajatve, ter rok veljavnosti tega podatka,<br \/>\n&#8211; na\u010din pla\u010dila in dostave ali izpolnitve, ter rok veljavnosti tega podatka,<br \/>\n&#8211; \u010dasovno veljavnost ponudbe,<br \/>\n&#8211; rok, v katerem je mo\u017eno odstopiti od pogodbe in pogoje za odstop (opis pravice do odstopa v skladu s 43.\u010d ZVPot; v primerih, ko kupec v skladu s 43.\u010d \u010dlenom ZVPot nima pravice do odstopa, je o tem izrecno obve\u0161\u010den),<br \/>\n&#8211; pojasnilo postopka s prito\u017ebo, vklju\u010dno z vsemi podatki o kontaktni osebi ali slu\u017ebi za stike s kupci.<\/p>\n<p>Ponudba artiklov\u00a0<\/p>\n<p>Zaradi narave poslovanja prek spleta se ponudba spletne trgovine podjetja Antikvitete Lipovec na spletnem mestu www.antika-lipovec.si a\u017eurira.<br \/>\nCene v spletni trgovini so prikazane kot Cene. Cene so cene, kot jih oblikuje Antikvitete Lipovec in ki veljajo za nakup prek spletne trgovine podjetja na www.antika-lipovec.si.<\/p>\n<p>Naro\u010dilo<\/p>\n<p>Kupoprodajna pogodba med Antikvitete Lipovec in kupcem je v spletni trgovini na spletni strani www.antika-lipovec.si sklenjena v trenutku, ko spletna trgovina podjetja Antikvitete Lipovec kupcu po\u0161lje prvo elektronsko sporo\u010dilo o statusu njegovega naro\u010dila (z naslovom: Hvala za va\u0161e naro\u010dilo). Od tega trenutka so vse cene in drugi pogoji fiksirani in veljajo tako za Antikvitete Lipovec, kot za kupca.<\/p>\n<p>Kupoprodajna pogodba (t.i. prvo elektronsko sporo\u010dilo o statusu naro\u010dila) je v elektronski obliki shranjena na stre\u017eniku podjetja Antikvitete Lipovec.<\/p>\n<p>Na\u010dini pla\u010dila<\/p>\n<p>Spletna trgovina omogo\u010da naslednje na\u010dine pla\u010dila:<\/p>\n<p>&#8211; z gotovino (do 5.000 eur) ali s pla\u010dilno oziroma kreditno kartico (MasterCard, Visa, Maestro, Diners) ob fizi\u010dnem nakupu v prodajalni<br \/>\n&#8211; z nakazilom na transakcijski ra\u010dun prodajalne SI56 0400 1005 0175 567\u00a0 (Nova KBM)<\/p>\n<p>Izdaja ra\u010duna<\/p>\n<p>Antikvitete Lipovec ob dostavi naro\u010denih artiklov kupcu prilo\u017ei tudi ra\u010dun. Na ra\u010dunu sta raz\u010dlenjena cena in vsi stro\u0161ki v zvezi z nakupom.<br \/>\nKupec je dol\u017ean preveriti pravilnost podatkov na izdanih ra\u010dunih. Kasnej\u0161ih reklamacij ne upo\u0161tevamo.<\/p>\n<p>Cene<\/p>\n<p>Cena velja enako za vse uporabnike spletne trgovine podjetja Antikvitete Lipovec na spletnem mestu www.antika-lipovec.si. Vse cene vsebujejo DDV, razen \u010de je izrecno napisano druga\u010de.<\/p>\n<p>Cene veljajo v trenutku oddaje naro\u010dila in nimajo v naprej dolo\u010dene veljavnosti. Cene veljajo v primeru pla\u010dila z zgoraj navedenimi na\u010dini pla\u010dila, pod zgoraj navedenimi pogoji.<\/p>\n<p>Kljub izjemnim naporom, da bi zagotovili najbolj a\u017eurne in to\u010dne podatke, se lahko zgodi, da je podatek o ceni napa\u010den. V tem primeru, ali v primeru, da se cena artikla spremeni med obdelavo naro\u010dila, bo podjetje Antikvitete Lipovec kupcu omogo\u010dila odstop od nakupa.<\/p>\n<p>Popusti, promocijske kode ipd. se praviloma ne se\u0161tevajo.<\/p>\n<p>POSTOPEK OBVE\u0160\u010cANJA O NAKUPU<\/p>\n<p>Va\u0161e naro\u010dilo v spletni trgovini<\/p>\n<p>Po oddaji naro\u010dila kupec prejme obvestilo po elektronski po\u0161ti, da je naro\u010dilo sprejeto. Antikvitete Lipovec naro\u010dilo pregleda, preveri dobavljivost naro\u010denih artiklov in naro\u010dilo potrdi oziroma z razlogom zavrne. Antikvitete Lipovec lahko za preverjanje podatkov ali zaradi zagotavljanja to\u010dnosti dobave pokli\u010de kupca na njegovo kontaktno telefonsko \u0161tevilko.<\/p>\n<p>Naro\u010dilo je odpremljeno \/ Naro\u010dilo je pripravljeno za prevzem<\/p>\n<p>Spletna trgovina v dogovorjenem roku artikel pripravi, odpo\u0161lje oziroma pripravi za osebni prevzem in o tem po elektronski po\u0161ti in obvesti kupca. Antikvitete Lipovec v elektronski po\u0161ti pou\u010di kupca tudi o politiki odstopa od pogodbe, kam se lahko obrne v primeru zamude pri dostavi in kam se lahko obrne v primeru prito\u017ebe.<\/p>\n<p>Pravica do odstopa kupca od pogodbe<\/p>\n<p>Kupec\u00a0 ima pravico, da v 14 dneh od prevzema artiklov prodajalcu sporo\u010di, da odstopa od pogodbe, ne da bi mu bilo treba navesti razlog za svojo odlo\u010ditev. Rok se za\u010dne \u0161teti en dan po datumu prevzema artiklov.<\/p>\n<p>Odstop od pogodbe kupca sporo\u010di na e-naslov prodajalca: info@antika-lipovec.si<\/p>\n<p>Potro\u0161nik blaga ne sme uporabljati v primeru odstopa od nakupa. Kupec sme opraviti ogled in preizkus artiklov v obsegu, kot je to nujno potrebno za ugotovitev dejanskega stanja. Preizku\u0161anje artikla, ki odstopa od navedenega, se \u0161teje za uporabo artiklov, kar pomeni, da kupec s tem izgubi pravico do odstopa od pogodbe.<\/p>\n<p>Za pravne osebe je potrebno ob odstopu navesti vzrok odstopa od nakupa.<\/p>\n<p>Edini stro\u0161ek, ki bremeni potro\u0161nika v zvezi z odstopom od pogodbe, je stro\u0161ek vra\u010dila blaga. Blago je potrebno vrniti prodajalcu najkasneje v roku 7 dni od oddanega sporo\u010dila o odstopu od nakupa.<\/p>\n<p>Potro\u0161nik mora blago vrniti prodajalcu nepo\u0161kodovano in v enakem stanju kot je bilo ob nakupu. Blago s po\u0161kodbami in pomanjkljivostmi podjetje Antikvitete Lipovec ne prevzema in v tem primeru odstop od pogodbe ni mo\u017een.<\/p>\n<p>Potro\u0161nik nima pravice do odstopa od nakupa v primeru, kadar je blago dostavil uslu\u017ebenec podjetja Antikvitete Lipovec ali zunanji izvajalec za dostavo,\u00a0 kjer je potro\u0161nik blago pregledal in podpisal prevzemni zapisnik, da se strinja z nakupom, da je blago brez pomanjkljivosti in da je prevzel blago na svojo odgovornost.<\/p>\n<p>Kupec nima pravice do odstopa od pogodbe pri pogodbah, katerih predmet je artikel, ki je bil izdelan po natan\u010dnih navodilih kupca, ki je bilo prilagojeno njegovim osebnim potrebam.<\/p>\n<p>Vra\u010dilo opravljenih vpla\u010dil bo izvedeno takoj, ko je to mogo\u010de, najkasneje pa v roku 15 dni od prejema sporo\u010dila o odstopu od pogodbe. Zaradi zagotavljanja gotovosti, to\u010dnosti in pravo\u010dasnosti vra\u010dila ter zagotavljanja evidence o pla\u010dilih, se vra\u010dilo pla\u010dila kupcu izvede izklju\u010dno z nakazilom na njegov transakcijski ra\u010dun. Vra\u010dilo pla\u010dila v gotovini ni mogo\u010de!<\/p>\n<p>Dostava<\/p>\n<p>Blago lahko ob nakupu in predhodnem dogovoru prevzamete v na\u0161i prodajalni v Mariboru.<br \/>\nZa dostavo manj\u0161ih po\u0161iljk uporabljamo storitve Po\u0161te Slovenije (po ceniku Po\u0161te Slovenje), vendar si Antikvitete Lipovec pridr\u017euje pravico izbrati drugo dostavno slu\u017ebo, \u010de bo s tem naro\u010dilo lahko izpolnil bolj u\u010dinkovito.<br \/>\nZa vse nakupe v spletni trgovini Antikvitete Lipovec,\u00a0 vam lahko blago preko logisti\u010dnih ponudnikov dostavimo kamorkoli v tujino. V tem primeru se dostava obra\u010duna za vsak primer in vsako dr\u017eavo posebej.<br \/>\nZa ve\u010d informacij glede dostave, pokli\u010dite na mtel.: 041 285 416.<\/p>\n<p>Prito\u017ebe in spori<\/p>\n<p>Antikvitete Lipovec spo\u0161tuje veljavno zakonodajo o varstvu potro\u0161nikov in se po vseh mo\u010deh trudi izpolnjevati svojo dol\u017enost zagotavljanja u\u010dinkovitega sistema obravnavanja prito\u017eb.<\/p>\n<p>V primeru te\u017eav se kupec s podajalcem lahko pove\u017ee telefonsko na telefonsko \u0161tevilko 02 2501803, 041 285 416 ali po elektronski po\u0161ti na \u00a0info@antika-lipovec.si. Prito\u017eba se odda prek e-po\u0161tnega naslova\u00a0info@antika-lipovec.si. Postopek obravnave prito\u017ebe je zaupen.<\/p>\n<p>Zavedamo se, da je bistvena zna\u010dilnost potro\u0161ni\u0161kih sporov nesorazmernost med ekonomsko vrednostjo zahtevka in potrebnim \u010dasom ter stro\u0161ki, ki nastanejo zaradi re\u0161evanja spora, kar je tudi glavna ovira, da kupec ne spro\u017ei spora pred sodi\u0161\u010dem. Zato si prizadevamo po svojih najbolj\u0161ih mo\u010deh, da se morebitni spori re\u0161ijo sporazumno.<\/p>\n<p>V primeru neuspeha pa bosta Antikvitete Lipovec in uporabnik oz. kupec morebitne spore re\u0161evala pred stvarno pristojnim sodi\u0161\u010dem v Mariboru.<\/p>\n","protected":false},"excerpt":{"rendered":"<p>Splo\u0161ni pogoji poslovanja spletne trgovine Antikvitete Lipovec Splo\u0161ni pogoji spletne prodajalne so sestavljeni v skladu z Zakonom o varstvu potro\u0161nikov (ZVPot), Zakonom o varstvu osebnih podatkov (ZVOP-1),\u00a0Splo\u0161no uredbo EU o varstvu podatkov ter Zakonom o elektronskih komunikacijah (ZEKom-1). S spletno trgovino (v nadaljevanju tudi \u00bbspletna trgovina\u00ab) upravlja podjetje Antikvitete Lipovec trgovina na drobno, Toma\u017e Lipovec [&hellip;]<\/p>\n","protected":false},"author":1,"featured_media":0,"parent":0,"menu_order":600,"comment_status":"closed","ping_status":"closed","template":"","meta":{"_et_pb_use_builder":"","_et_pb_old_content":"","_et_gb_content_width":"","footnotes":""},"class_list":["post-11427","page","type-page","status-publish","hentry"],"_links":{"self":[{"href":"https:\/\/antika-lipovec.si\/de\/wp-json\/wp\/v2\/pages\/11427","targetHints":{"allow":["GET"]}}],"collection":[{"href":"https:\/\/antika-lipovec.si\/de\/wp-json\/wp\/v2\/pages"}],"about":[{"href":"https:\/\/antika-lipovec.si\/de\/wp-json\/wp\/v2\/types\/page"}],"author":[{"embeddable":true,"href":"https:\/\/antika-lipovec.si\/de\/wp-json\/wp\/v2\/users\/1"}],"replies":[{"embeddable":true,"href":"https:\/\/antika-lipovec.si\/de\/wp-json\/wp\/v2\/comments?post=11427"}],"version-history":[{"count":0,"href":"https:\/\/antika-lipovec.si\/de\/wp-json\/wp\/v2\/pages\/11427\/revisions"}],"wp:attachment":[{"href":"https:\/\/antika-lipovec.si\/de\/wp-json\/wp\/v2\/media?parent=11427"}],"curies":[{"name":"wp","href":"https:\/\/api.w.org\/{rel}","templated":true}]}}