{"id":10926,"date":"2023-03-06T06:53:22","date_gmt":"2023-03-06T06:53:22","guid":{"rendered":"https:\/\/antika-lipovec.si\/ueber-uns\/medien-ueber-uns\/"},"modified":"2023-03-06T07:12:38","modified_gmt":"2023-03-06T07:12:38","slug":"medien-ueber-uns","status":"publish","type":"page","link":"https:\/\/antika-lipovec.si\/de\/ueber-uns\/medien-ueber-uns\/","title":{"rendered":"Medien \u00fcber uns"},"content":{"rendered":"<p>[et_pb_section fb_built=&#8220;1&#8243; _builder_version=&#8220;4.16&#8243; custom_padding=&#8220;||0px||false|false&#8220; global_colors_info=&#8220;{}&#8220;][et_pb_row _builder_version=&#8220;4.16&#8243; background_size=&#8220;initial&#8220; background_position=&#8220;top_left&#8220; background_repeat=&#8220;repeat&#8220; global_colors_info=&#8220;{}&#8220;][et_pb_column type=&#8220;4_4&#8243; _builder_version=&#8220;4.16&#8243; custom_padding=&#8220;|||&#8220; global_colors_info=&#8220;{}&#8220; custom_padding__hover=&#8220;|||&#8220;][et_pb_text _builder_version=&#8220;4.16&#8243; background_size=&#8220;initial&#8220; background_position=&#8220;top_left&#8220; background_repeat=&#8220;repeat&#8220; global_colors_info=&#8220;{}&#8220;]<\/p>\n<div class=\"et_pb_module et_pb_text et_pb_text_0 et_pb_text_align_left et_pb_bg_layout_light\">\n<div class=\"et_pb_text_inner\">\n<h1>Izjemne starine vedno najdejo kupca<\/h1>\n<\/div>\n<\/div>\n<div class=\"et_pb_module et_pb_text et_pb_text_1 et_pb_text_align_left et_pb_bg_layout_light\">\n<div class=\"et_pb_text_inner\">\n<p>\u00bbObiskovalci starinarn vse bolj prepoznavajo tudi drugo stran nakupa tak\u0161nih predmetov: s starostjo bodo starinski predmeti \u0161e pridobivali vrednost.<\/p>\n<p>Tak\u0161ne predmete bodo morda lastniki \u010dez leta prodali sami, ne da bi izgubili vrednost ali celo z donosom, veliko predmetov pa bo kot dedi\u0161\u010dina krasilo domove njihovih otrok in vnukov.\u00ab<\/p>\n<p>Toma\u017e Lipovec<\/p>\n<\/div>\n<\/div>\n<div class=\"et_pb_module et_pb_text et_pb_text_2 et_pb_text_align_left et_pb_bg_layout_light\">\n<div class=\"et_pb_text_inner\">\n<p>Za odlo\u010ditev, ali je pohi\u0161tvo smiselno restavrirati, je najbolj\u0161i posvet s strokovnjakom, ki bo ocenil tudi dejanske stro\u0161ke restavriranja<\/p>\n<\/div>\n<\/div>\n<h1><\/h1>\n<p>&nbsp;<\/p>\n<div class=\"et_pb_module et_pb_text et_pb_text_2 et_pb_text_align_left et_pb_bg_layout_light\">\n<div class=\"et_pb_text_inner\">\n<h1>V medijih<\/h1>\n<\/div>\n<\/div>\n<p>[\/et_pb_text][\/et_pb_column][\/et_pb_row][\/et_pb_section][et_pb_section fb_built=&#8220;1&#8243; _builder_version=&#8220;4.16&#8243; custom_margin=&#8220;||||false|false&#8220; custom_padding=&#8220;0px||||false|false&#8220; global_colors_info=&#8220;{}&#8220;][et_pb_row _builder_version=&#8220;4.16&#8243; global_colors_info=&#8220;{}&#8220;][et_pb_column type=&#8220;4_4&#8243; _builder_version=&#8220;4.16&#8243; global_colors_info=&#8220;{}&#8220;][et_pb_blog fullwidth=&#8220;off&#8220; posts_number=&#8220;20&#8243; include_categories=&#8220;255&#8243; meta_date=&#8220;d.m.Y&#8220; show_author=&#8220;off&#8220; show_date=&#8220;off&#8220; show_categories=&#8220;off&#8220; _builder_version=&#8220;4.20.0&#8243; global_colors_info=&#8220;{}&#8220;][\/et_pb_blog][\/et_pb_column][\/et_pb_row][\/et_pb_section]<\/p>\n","protected":false},"excerpt":{"rendered":"<p>Izjemne starine vedno najdejo kupca \u00bbObiskovalci starinarn vse bolj prepoznavajo tudi drugo stran nakupa tak\u0161nih predmetov: s starostjo bodo starinski predmeti \u0161e pridobivali vrednost. Tak\u0161ne predmete bodo morda lastniki \u010dez leta prodali sami, ne da bi izgubili vrednost ali celo z donosom, veliko predmetov pa bo kot dedi\u0161\u010dina krasilo domove njihovih otrok in vnukov.\u00ab Toma\u017e [&hellip;]<\/p>\n","protected":false},"author":1,"featured_media":0,"parent":533,"menu_order":0,"comment_status":"closed","ping_status":"closed","template":"","meta":{"_et_pb_use_builder":"on","_et_pb_old_content":"","_et_gb_content_width":"","footnotes":""},"class_list":["post-10926","page","type-page","status-publish","hentry"],"_links":{"self":[{"href":"https:\/\/antika-lipovec.si\/de\/wp-json\/wp\/v2\/pages\/10926","targetHints":{"allow":["GET"]}}],"collection":[{"href":"https:\/\/antika-lipovec.si\/de\/wp-json\/wp\/v2\/pages"}],"about":[{"href":"https:\/\/antika-lipovec.si\/de\/wp-json\/wp\/v2\/types\/page"}],"author":[{"embeddable":true,"href":"https:\/\/antika-lipovec.si\/de\/wp-json\/wp\/v2\/users\/1"}],"replies":[{"embeddable":true,"href":"https:\/\/antika-lipovec.si\/de\/wp-json\/wp\/v2\/comments?post=10926"}],"version-history":[{"count":4,"href":"https:\/\/antika-lipovec.si\/de\/wp-json\/wp\/v2\/pages\/10926\/revisions"}],"predecessor-version":[{"id":10960,"href":"https:\/\/antika-lipovec.si\/de\/wp-json\/wp\/v2\/pages\/10926\/revisions\/10960"}],"up":[{"embeddable":true,"href":"https:\/\/antika-lipovec.si\/de\/wp-json\/wp\/v2\/pages\/533"}],"wp:attachment":[{"href":"https:\/\/antika-lipovec.si\/de\/wp-json\/wp\/v2\/media?parent=10926"}],"curies":[{"name":"wp","href":"https:\/\/api.w.org\/{rel}","templated":true}]}}